{"id":2629,"date":"2022-06-08T12:54:08","date_gmt":"2022-06-08T17:54:08","guid":{"rendered":"https:\/\/colchoneselencanto.com.co\/?post_type=product&#038;p=2629"},"modified":"2022-08-17T00:29:03","modified_gmt":"2022-08-17T05:29:03","slug":"funda-decorativa-vino-tinto","status":"publish","type":"product","link":"https:\/\/colchoneselencanto.com.co\/?product=funda-decorativa-vino-tinto","title":{"rendered":"Funda Decorativa Vino Tinto"},"content":{"rendered":"<p style=\"text-align: justify;\">La fundas de colch\u00f3nes <strong>EL ENCANTO<\/strong> est\u00e1n hechas en algod\u00f3n 100%, teniendo en cuenta la transpirabilidad. Atrapan la humedad y promueven las condiciones que conducen a un sue\u00f1o tranquilo y confortable, son perfectas si est\u00e1 considerando un cubrecolch\u00f3n c\u00f3modo, suave,\u00a0 y de alta calidad.<\/p>\n<p style=\"text-align: justify;\">La funda se ajusta perfectamente al colchon, es duradera y es importante para mantenerlo libre de manchas, el el\u00e1stico alrededor lo asegura en su posici\u00f3n.\u00a0 Son suaves y c\u00f3modas, sus fibras en algodon\u00a0 brindan protecci\u00f3n adicional para un sue\u00f1o extra c\u00f3modo, pueden lavarse a m\u00e1quina y se puede secar en secadora a temperatura baja, no utilice blanqueador, son de facil mantenimiento y secado natural.<\/p>\n<p><strong>Tama\u00f1o de funda:<\/strong><\/p>\n<p>Sencillo: 100 x 200 cm &#8211; Doble: 140 x 200 cm<\/p>\n","protected":false},"excerpt":{"rendered":"<p style=\"text-align: justify;\">Protejer la cubierta del colch\u00f3n es importante para obtener los mejores resultados, ya que estos pueden no ser <strong>impermeables<\/strong> ni <strong>a prueba de derrames<\/strong>. La fundas de colch\u00f3nes EL ENCANTO est\u00e1n hechas en algod\u00f3n 100%, teniendo en cuenta la transpirabilidad. Atrapan la humedad y promueven las condiciones que conducen a un sue\u00f1o tranquilo y confortable, son perfectas si est\u00e1 considerando un cubrecolch\u00f3n c\u00f3modo, suave,\u00a0 y de alta calidad.<\/p>\n","protected":false},"featured_media":2602,"comment_status":"open","ping_status":"closed","template":"","meta":[],"product_brand":[],"product_cat":[47,160],"product_tag":[],"class_list":{"0":"post-2629","1":"product","2":"type-product","3":"status-publish","4":"has-post-thumbnail","6":"product_cat-accesorios","7":"product_cat-fundas","9":"first","10":"instock","11":"shipping-taxable","12":"purchasable","13":"product-type-variable"},"yoast_head":"<!-- This site is optimized with the Yoast SEO Premium plugin v19.1 (Yoast SEO v27.2) - https:\/\/yoast.com\/product\/yoast-seo-premium-wordpress\/ -->\n<title>Funda Decorativa Vino Tinto - Colchones El Encanto &gt; Ergonom\u00eda y Confort<\/title>\n<meta name=\"robots\" content=\"index, follow, max-snippet:-1, max-image-preview:large, max-video-preview:-1\" \/>\n<link rel=\"canonical\" href=\"https:\/\/colchoneselencanto.com.co\/?product=funda-decorativa-vino-tinto\" \/>\n<meta property=\"og:locale\" content=\"es_ES\" \/>\n<meta property=\"og:type\" content=\"article\" \/>\n<meta property=\"og:title\" content=\"Funda Decorativa Vino Tinto\" \/>\n<meta property=\"og:description\" content=\"Protejer la cubierta del colch\u00f3n es importante para obtener los mejores resultados, ya que estos pueden no ser impermeables ni a prueba de derrames. La fundas de colch\u00f3nes EL ENCANTO est\u00e1n hechas en algod\u00f3n 100%, teniendo en cuenta la transpirabilidad. Atrapan la humedad y promueven las condiciones que conducen a un sue\u00f1o tranquilo y confortable, son perfectas si est\u00e1 considerando un cubrecolch\u00f3n c\u00f3modo, suave,\u00a0 y de alta calidad.\" \/>\n<meta property=\"og:url\" content=\"https:\/\/colchoneselencanto.com.co\/?product=funda-decorativa-vino-tinto\" \/>\n<meta property=\"og:site_name\" content=\"Colchones El Encanto &gt; Ergonom\u00eda y Confort\" \/>\n<meta property=\"article:modified_time\" content=\"2022-08-17T05:29:03+00:00\" \/>\n<meta property=\"og:image\" content=\"https:\/\/colchoneselencanto.com.co\/wp-content\/uploads\/2022\/05\/Fundas-futon-vino.jpg\" \/>\n\t<meta property=\"og:image:width\" content=\"1800\" \/>\n\t<meta property=\"og:image:height\" content=\"1178\" \/>\n\t<meta property=\"og:image:type\" content=\"image\/jpeg\" \/>\n<meta name=\"twitter:card\" content=\"summary_large_image\" \/>\n<meta name=\"twitter:label1\" content=\"Availability\" \/>\n\t<meta name=\"twitter:data1\" content=\"In stock\" \/>\n<script type=\"application\/ld+json\" class=\"yoast-schema-graph\">{\"@context\":\"https:\/\/schema.org\",\"@graph\":[{\"@type\":\"WebPage\",\"@id\":\"https:\/\/colchoneselencanto.com.co\/?product=funda-decorativa-vino-tinto\",\"url\":\"https:\/\/colchoneselencanto.com.co\/?product=funda-decorativa-vino-tinto\",\"name\":\"Funda Decorativa Vino Tinto - Colchones El Encanto &gt; Ergonom\u00eda y Confort\",\"isPartOf\":{\"@id\":\"https:\/\/colchoneselencanto.com.co\/#website\"},\"primaryImageOfPage\":{\"@id\":\"https:\/\/colchoneselencanto.com.co\/?product=funda-decorativa-vino-tinto#primaryimage\"},\"image\":{\"@id\":\"https:\/\/colchoneselencanto.com.co\/?product=funda-decorativa-vino-tinto#primaryimage\"},\"thumbnailUrl\":\"https:\/\/colchoneselencanto.com.co\/wp-content\/uploads\/2022\/05\/Fundas-futon-vino.jpg\",\"datePublished\":\"2022-06-08T17:54:08+00:00\",\"dateModified\":\"2022-08-17T05:29:03+00:00\",\"breadcrumb\":{\"@id\":\"https:\/\/colchoneselencanto.com.co\/?product=funda-decorativa-vino-tinto#breadcrumb\"},\"inLanguage\":\"es-CO\",\"potentialAction\":[{\"@type\":\"ReadAction\",\"target\":[\"https:\/\/colchoneselencanto.com.co\/?product=funda-decorativa-vino-tinto\"]}]},{\"@type\":\"ImageObject\",\"inLanguage\":\"es-CO\",\"@id\":\"https:\/\/colchoneselencanto.com.co\/?product=funda-decorativa-vino-tinto#primaryimage\",\"url\":\"https:\/\/colchoneselencanto.com.co\/wp-content\/uploads\/2022\/05\/Fundas-futon-vino.jpg\",\"contentUrl\":\"https:\/\/colchoneselencanto.com.co\/wp-content\/uploads\/2022\/05\/Fundas-futon-vino.jpg\",\"width\":1800,\"height\":1178},{\"@type\":\"BreadcrumbList\",\"@id\":\"https:\/\/colchoneselencanto.com.co\/?product=funda-decorativa-vino-tinto#breadcrumb\",\"itemListElement\":[{\"@type\":\"ListItem\",\"position\":1,\"name\":\"Inicio\",\"item\":\"https:\/\/colchoneselencanto.com.co\/\"},{\"@type\":\"ListItem\",\"position\":2,\"name\":\"Tienda\",\"item\":\"https:\/\/colchoneselencanto.com.co\/?page_id=5\"},{\"@type\":\"ListItem\",\"position\":3,\"name\":\"Funda Decorativa Vino Tinto\"}]},{\"@type\":\"WebSite\",\"@id\":\"https:\/\/colchoneselencanto.com.co\/#website\",\"url\":\"https:\/\/colchoneselencanto.com.co\/\",\"name\":\"Colchones El Encanto &gt; Ergonom\u00eda y Confort\",\"description\":\"Fabricaci\u00f3n y venta de colchones, futones, camas, sof\u00e1s cama, muebles flexibles y plegables como sillones, con colch\u00f3n tipo fut\u00f3n japon\u00e9s. Especializados en materias primas como las fibras largas de algod\u00f3n peinado y maderas solidas de pino.\",\"publisher\":{\"@id\":\"https:\/\/colchoneselencanto.com.co\/#organization\"},\"potentialAction\":[{\"@type\":\"SearchAction\",\"target\":{\"@type\":\"EntryPoint\",\"urlTemplate\":\"https:\/\/colchoneselencanto.com.co\/?s={search_term_string}\"},\"query-input\":{\"@type\":\"PropertyValueSpecification\",\"valueRequired\":true,\"valueName\":\"search_term_string\"}}],\"inLanguage\":\"es-CO\"},{\"@type\":\"Organization\",\"@id\":\"https:\/\/colchoneselencanto.com.co\/#organization\",\"name\":\"Colchones El Encanto &gt; Ergonom\u00eda y Confort\",\"url\":\"https:\/\/colchoneselencanto.com.co\/\",\"logo\":{\"@type\":\"ImageObject\",\"inLanguage\":\"es-CO\",\"@id\":\"https:\/\/colchoneselencanto.com.co\/#\/schema\/logo\/image\/\",\"url\":\"https:\/\/colchoneselencanto.com.co\/wp-content\/uploads\/2022\/01\/logo2.png\",\"contentUrl\":\"https:\/\/colchoneselencanto.com.co\/wp-content\/uploads\/2022\/01\/logo2.png\",\"width\":237,\"height\":63,\"caption\":\"Colchones El Encanto &gt; Ergonom\u00eda y Confort\"},\"image\":{\"@id\":\"https:\/\/colchoneselencanto.com.co\/#\/schema\/logo\/image\/\"}}]}<\/script>\n<meta property=\"og:availability\" content=\"instock\" \/>\n<meta property=\"product:availability\" content=\"instock\" \/>\n<meta property=\"product:retailer_item_id\" content=\"FUDE-01VT\" \/>\n<meta property=\"product:condition\" content=\"new\" \/>\n<!-- \/ Yoast SEO Premium plugin. -->","yoast_head_json":{"title":"Funda Decorativa Vino Tinto - Colchones El Encanto &gt; Ergonom\u00eda y Confort","robots":{"index":"index","follow":"follow","max-snippet":"max-snippet:-1","max-image-preview":"max-image-preview:large","max-video-preview":"max-video-preview:-1"},"canonical":"https:\/\/colchoneselencanto.com.co\/?product=funda-decorativa-vino-tinto","og_locale":"es_ES","og_type":"article","og_title":"Funda Decorativa Vino Tinto","og_description":"Protejer la cubierta del colch\u00f3n es importante para obtener los mejores resultados, ya que estos pueden no ser impermeables ni a prueba de derrames. La fundas de colch\u00f3nes EL ENCANTO est\u00e1n hechas en algod\u00f3n 100%, teniendo en cuenta la transpirabilidad. Atrapan la humedad y promueven las condiciones que conducen a un sue\u00f1o tranquilo y confortable, son perfectas si est\u00e1 considerando un cubrecolch\u00f3n c\u00f3modo, suave,\u00a0 y de alta calidad.","og_url":"https:\/\/colchoneselencanto.com.co\/?product=funda-decorativa-vino-tinto","og_site_name":"Colchones El Encanto &gt; Ergonom\u00eda y Confort","article_modified_time":"2022-08-17T05:29:03+00:00","og_image":[{"width":1800,"height":1178,"url":"https:\/\/colchoneselencanto.com.co\/wp-content\/uploads\/2022\/05\/Fundas-futon-vino.jpg","type":"image\/jpeg"}],"twitter_card":"summary_large_image","twitter_misc":{"Availability":"In stock"},"schema":{"@context":"https:\/\/schema.org","@graph":[{"@type":"WebPage","@id":"https:\/\/colchoneselencanto.com.co\/?product=funda-decorativa-vino-tinto","url":"https:\/\/colchoneselencanto.com.co\/?product=funda-decorativa-vino-tinto","name":"Funda Decorativa Vino Tinto - Colchones El Encanto &gt; Ergonom\u00eda y Confort","isPartOf":{"@id":"https:\/\/colchoneselencanto.com.co\/#website"},"primaryImageOfPage":{"@id":"https:\/\/colchoneselencanto.com.co\/?product=funda-decorativa-vino-tinto#primaryimage"},"image":{"@id":"https:\/\/colchoneselencanto.com.co\/?product=funda-decorativa-vino-tinto#primaryimage"},"thumbnailUrl":"https:\/\/colchoneselencanto.com.co\/wp-content\/uploads\/2022\/05\/Fundas-futon-vino.jpg","datePublished":"2022-06-08T17:54:08+00:00","dateModified":"2022-08-17T05:29:03+00:00","breadcrumb":{"@id":"https:\/\/colchoneselencanto.com.co\/?product=funda-decorativa-vino-tinto#breadcrumb"},"inLanguage":"es-CO","potentialAction":[{"@type":"ReadAction","target":["https:\/\/colchoneselencanto.com.co\/?product=funda-decorativa-vino-tinto"]}]},{"@type":"ImageObject","inLanguage":"es-CO","@id":"https:\/\/colchoneselencanto.com.co\/?product=funda-decorativa-vino-tinto#primaryimage","url":"https:\/\/colchoneselencanto.com.co\/wp-content\/uploads\/2022\/05\/Fundas-futon-vino.jpg","contentUrl":"https:\/\/colchoneselencanto.com.co\/wp-content\/uploads\/2022\/05\/Fundas-futon-vino.jpg","width":1800,"height":1178},{"@type":"BreadcrumbList","@id":"https:\/\/colchoneselencanto.com.co\/?product=funda-decorativa-vino-tinto#breadcrumb","itemListElement":[{"@type":"ListItem","position":1,"name":"Inicio","item":"https:\/\/colchoneselencanto.com.co\/"},{"@type":"ListItem","position":2,"name":"Tienda","item":"https:\/\/colchoneselencanto.com.co\/?page_id=5"},{"@type":"ListItem","position":3,"name":"Funda Decorativa Vino Tinto"}]},{"@type":"WebSite","@id":"https:\/\/colchoneselencanto.com.co\/#website","url":"https:\/\/colchoneselencanto.com.co\/","name":"Colchones El Encanto &gt; Ergonom\u00eda y Confort","description":"Fabricaci\u00f3n y venta de colchones, futones, camas, sof\u00e1s cama, muebles flexibles y plegables como sillones, con colch\u00f3n tipo fut\u00f3n japon\u00e9s. Especializados en materias primas como las fibras largas de algod\u00f3n peinado y maderas solidas de pino.","publisher":{"@id":"https:\/\/colchoneselencanto.com.co\/#organization"},"potentialAction":[{"@type":"SearchAction","target":{"@type":"EntryPoint","urlTemplate":"https:\/\/colchoneselencanto.com.co\/?s={search_term_string}"},"query-input":{"@type":"PropertyValueSpecification","valueRequired":true,"valueName":"search_term_string"}}],"inLanguage":"es-CO"},{"@type":"Organization","@id":"https:\/\/colchoneselencanto.com.co\/#organization","name":"Colchones El Encanto &gt; Ergonom\u00eda y Confort","url":"https:\/\/colchoneselencanto.com.co\/","logo":{"@type":"ImageObject","inLanguage":"es-CO","@id":"https:\/\/colchoneselencanto.com.co\/#\/schema\/logo\/image\/","url":"https:\/\/colchoneselencanto.com.co\/wp-content\/uploads\/2022\/01\/logo2.png","contentUrl":"https:\/\/colchoneselencanto.com.co\/wp-content\/uploads\/2022\/01\/logo2.png","width":237,"height":63,"caption":"Colchones El Encanto &gt; Ergonom\u00eda y Confort"},"image":{"@id":"https:\/\/colchoneselencanto.com.co\/#\/schema\/logo\/image\/"}}]},"og_availability":"instock","product_availability":"instock","product_retailer_item_id":"FUDE-01VT","product_condition":"new"},"_links":{"self":[{"href":"https:\/\/colchoneselencanto.com.co\/index.php?rest_route=\/wp\/v2\/product\/2629","targetHints":{"allow":["GET"]}}],"collection":[{"href":"https:\/\/colchoneselencanto.com.co\/index.php?rest_route=\/wp\/v2\/product"}],"about":[{"href":"https:\/\/colchoneselencanto.com.co\/index.php?rest_route=\/wp\/v2\/types\/product"}],"replies":[{"embeddable":true,"href":"https:\/\/colchoneselencanto.com.co\/index.php?rest_route=%2Fwp%2Fv2%2Fcomments&post=2629"}],"wp:featuredmedia":[{"embeddable":true,"href":"https:\/\/colchoneselencanto.com.co\/index.php?rest_route=\/wp\/v2\/media\/2602"}],"wp:attachment":[{"href":"https:\/\/colchoneselencanto.com.co\/index.php?rest_route=%2Fwp%2Fv2%2Fmedia&parent=2629"}],"wp:term":[{"taxonomy":"product_brand","embeddable":true,"href":"https:\/\/colchoneselencanto.com.co\/index.php?rest_route=%2Fwp%2Fv2%2Fproduct_brand&post=2629"},{"taxonomy":"product_cat","embeddable":true,"href":"https:\/\/colchoneselencanto.com.co\/index.php?rest_route=%2Fwp%2Fv2%2Fproduct_cat&post=2629"},{"taxonomy":"product_tag","embeddable":true,"href":"https:\/\/colchoneselencanto.com.co\/index.php?rest_route=%2Fwp%2Fv2%2Fproduct_tag&post=2629"}],"curies":[{"name":"wp","href":"https:\/\/api.w.org\/{rel}","templated":true}]}}