{"id":2577,"date":"2022-05-25T23:40:21","date_gmt":"2022-05-26T04:40:21","guid":{"rendered":"https:\/\/colchoneselencanto.com.co\/?post_type=product&#038;p=2577"},"modified":"2022-08-16T22:28:35","modified_gmt":"2022-08-17T03:28:35","slug":"cilindro-japones","status":"publish","type":"product","link":"https:\/\/colchoneselencanto.com.co\/?product=cilindro-japones","title":{"rendered":"Almohada Cilindro Japon\u00e9s 60"},"content":{"rendered":"<p style=\"text-align: justify\"><span class=\"a-list-item\">\u2705 <strong>Materiales Premium: <\/strong>las almohadas de soporte para el cuello en el interior est\u00e1n hechas fibras de poliester, espuma viscoel\u00e1stica de alta calidad, y la funda est\u00e1 hecha de fibras naturales que resisten el encogimiento, el estiramiento, son muy duraderas, transpirables y f\u00e1ciles de limpiar. La espuma viscoel\u00e1stica brinda un soporte superior y un contorno suave para la cabeza de tal manera que llena el espacio debajo del cuello y lo mantiene en una posici\u00f3n \u00f3ptima, evitando as\u00ed el estr\u00e9s no deseado y la progresi\u00f3n a otros partes del cuerpo, relaja los m\u00fasculos y hace que su sue\u00f1o sea m\u00e1s profundo.<\/span><\/p>\n<p style=\"text-align: justify\">Con una composicion ni demasiado dura ni demasiado blanda, \u00a1se siente perfecta! Experimente alivio y relajaci\u00f3n a medida que la almohada de soporte se adapta a su cuerpo, acu\u00f1ando su cuello, espalda baja, cabeza o rodillas, eliminando la cantidad justa de presi\u00f3n.\u00a0<span class=\"a-list-item\"> A trav\u00e9s de pruebas de varias etapas, obtuvimos el equilibrio perfecto entre comodidad y estabilidad. Est\u00e1 dise\u00f1ada para todas las posiciones para dormir: \u00a1Nunca perder\u00e1 su forma y siempre se recuperar\u00e1 despu\u00e9s de su uso!<\/span><\/p>\n<p style=\"text-align: justify\"><strong><span class=\"a-list-item\">\u2705 <\/span>Dise\u00f1o Ergon\u00f3mico Multifuncional:<\/strong> facilita la apertura profunda del pecho y la flexi\u00f3n de la espalda con su di\u00e1metro de 26 cm de alto. La forma contorneada y ergon\u00f3mica se ajusta perfectamente debajo de las rodillas mientras se acuesta boca arriba, lo que brinda alivio a la parte inferior de la espalda. Son muy c\u00f3modas y dan apoyo para usar como elevador de piernas o almohada de soporte corporal, no se resbala ni se desliza, no se calienta y estimula los puntos de presi\u00f3n vitales.<\/p>\n<p style=\"text-align: justify\">Pru\u00e9belo horizontalmente a la altura de los om\u00f3platos mientras est\u00e1 boca arriba para una extensi\u00f3n de la parte superior de la espalda. Alternativamente, intente verticalmente a lo largo de la columna vertebral para una apertura y expansi\u00f3n profundas del pecho. Encuentre nuevas profundidades en su postura y respiraci\u00f3n con una de nuestras formas favoritas de refuerzo.<\/p>\n<p style=\"text-align: justify\">La almohada cervical para el dolor de cuello tambi\u00e9n es un excelente accesorio de yoga, para relajar las piernas y las rodillas, tambi\u00e9n se puede usar como un coj\u00edn reclinable mientras mira televisi\u00f3n y puede funcionar como una bonita pieza decorativa, lo que la convierte en un elemento central perfecto que agrega una lujosa comodidad a cualquier superficie o espacio.<\/p>\n<p style=\"text-align: justify\"><a href=\"https:\/\/colchoneselencanto.com.co\/wp-content\/uploads\/2022\/05\/cilindro-publi-beneficios.jpg\" target=\"_blank\" rel=\"noopener\"><img loading=\"lazy\" decoding=\"async\" class=\"alignnone wp-image-2592 size-large\" title=\"Beneficios de la almohada cilindro japon\u00e9s\" src=\"https:\/\/colchoneselencanto.com.co\/wp-content\/uploads\/2022\/05\/cilindro-publi-beneficios-1024x1009.jpg\" alt=\"\" width=\"940\" height=\"926\" srcset=\"https:\/\/colchoneselencanto.com.co\/wp-content\/uploads\/2022\/05\/cilindro-publi-beneficios-1024x1009.jpg 1024w, https:\/\/colchoneselencanto.com.co\/wp-content\/uploads\/2022\/05\/cilindro-publi-beneficios-300x296.jpg 300w, https:\/\/colchoneselencanto.com.co\/wp-content\/uploads\/2022\/05\/cilindro-publi-beneficios-768x757.jpg 768w, https:\/\/colchoneselencanto.com.co\/wp-content\/uploads\/2022\/05\/cilindro-publi-beneficios-90x90.jpg 90w, https:\/\/colchoneselencanto.com.co\/wp-content\/uploads\/2022\/05\/cilindro-publi-beneficios-1320x1301.jpg 1320w, https:\/\/colchoneselencanto.com.co\/wp-content\/uploads\/2022\/05\/cilindro-publi-beneficios-600x591.jpg 600w, https:\/\/colchoneselencanto.com.co\/wp-content\/uploads\/2022\/05\/cilindro-publi-beneficios-100x100.jpg 100w, https:\/\/colchoneselencanto.com.co\/wp-content\/uploads\/2022\/05\/cilindro-publi-beneficios.jpg 1500w\" sizes=\"auto, (max-width: 940px) 100vw, 940px\" \/><\/a><\/p>\n<p style=\"text-align: justify\">\n","protected":false},"excerpt":{"rendered":"<p style=\"text-align: justify\"><strong><span class=\"a-list-item\">\u2705 <\/span>Soporte confortable para el cuello:<\/strong>\u00a0Apoye su cabeza de manera efectiva, elimine dolores, molestias amenazantes, y disfrute de un sue\u00f1o tranquilo manteniendo una la alineaci\u00f3n adecuada del cuello, evite la presi\u00f3n sobre el disco espinal y las articulaciones, e incluso descanse la parte inferior de la espalda, las rodillas, las pantorrillas y los pies.<\/p>\n","protected":false},"featured_media":2578,"comment_status":"open","ping_status":"closed","template":"","meta":[],"product_brand":[],"product_cat":[47,88],"product_tag":[],"class_list":{"0":"post-2577","1":"product","2":"type-product","3":"status-publish","4":"has-post-thumbnail","6":"product_cat-accesorios","7":"product_cat-camas","9":"first","10":"instock","11":"shipping-taxable","12":"purchasable","13":"product-type-simple"},"yoast_head":"<!-- This site is optimized with the Yoast SEO Premium plugin v19.1 (Yoast SEO v27.2) - https:\/\/yoast.com\/product\/yoast-seo-premium-wordpress\/ -->\n<title>Almohada Cilindro Japon\u00e9s 60 - Colchones El Encanto &gt; Ergonom\u00eda y Confort<\/title>\n<meta name=\"robots\" content=\"index, follow, max-snippet:-1, max-image-preview:large, max-video-preview:-1\" \/>\n<link rel=\"canonical\" href=\"https:\/\/colchoneselencanto.com.co\/?product=cilindro-japones\" \/>\n<meta property=\"og:locale\" content=\"es_ES\" \/>\n<meta property=\"og:type\" content=\"article\" \/>\n<meta property=\"og:title\" content=\"Almohada Cilindro Japon\u00e9s 60\" \/>\n<meta property=\"og:description\" content=\"\u2705 Soporte confortable para el cuello:\u00a0Apoye su cabeza de manera efectiva, elimine dolores, molestias amenazantes, y disfrute de un sue\u00f1o tranquilo manteniendo una la alineaci\u00f3n adecuada del cuello, evite la presi\u00f3n sobre el disco espinal y las articulaciones, e incluso descanse la parte inferior de la espalda, las rodillas, las pantorrillas y los pies.\" \/>\n<meta property=\"og:url\" content=\"https:\/\/colchoneselencanto.com.co\/?product=cilindro-japones\" \/>\n<meta property=\"og:site_name\" content=\"Colchones El Encanto &gt; Ergonom\u00eda y Confort\" \/>\n<meta property=\"article:modified_time\" content=\"2022-08-17T03:28:35+00:00\" \/>\n<meta property=\"og:image\" content=\"https:\/\/colchoneselencanto.com.co\/wp-content\/uploads\/2022\/05\/almohada-cilindro-japones.jpg\" \/>\n\t<meta property=\"og:image:width\" content=\"1800\" \/>\n\t<meta property=\"og:image:height\" content=\"1178\" \/>\n\t<meta property=\"og:image:type\" content=\"image\/jpeg\" \/>\n<meta name=\"twitter:card\" content=\"summary_large_image\" \/>\n<meta name=\"twitter:label1\" content=\"Precio\" \/>\n\t<meta name=\"twitter:data1\" content=\"$90,000.00\" \/>\n\t<meta name=\"twitter:label2\" content=\"Availability\" \/>\n\t<meta name=\"twitter:data2\" content=\"In stock\" \/>\n<script type=\"application\/ld+json\" class=\"yoast-schema-graph\">{\"@context\":\"https:\/\/schema.org\",\"@graph\":[{\"@type\":\"WebPage\",\"@id\":\"https:\/\/colchoneselencanto.com.co\/?product=cilindro-japones\",\"url\":\"https:\/\/colchoneselencanto.com.co\/?product=cilindro-japones\",\"name\":\"Almohada Cilindro Japon\u00e9s 60 - Colchones El Encanto &gt; Ergonom\u00eda y Confort\",\"isPartOf\":{\"@id\":\"https:\/\/colchoneselencanto.com.co\/#website\"},\"primaryImageOfPage\":{\"@id\":\"https:\/\/colchoneselencanto.com.co\/?product=cilindro-japones#primaryimage\"},\"image\":{\"@id\":\"https:\/\/colchoneselencanto.com.co\/?product=cilindro-japones#primaryimage\"},\"thumbnailUrl\":\"https:\/\/colchoneselencanto.com.co\/wp-content\/uploads\/2022\/05\/almohada-cilindro-japones.jpg\",\"datePublished\":\"2022-05-26T04:40:21+00:00\",\"dateModified\":\"2022-08-17T03:28:35+00:00\",\"breadcrumb\":{\"@id\":\"https:\/\/colchoneselencanto.com.co\/?product=cilindro-japones#breadcrumb\"},\"inLanguage\":\"es-CO\",\"potentialAction\":[{\"@type\":\"ReadAction\",\"target\":[\"https:\/\/colchoneselencanto.com.co\/?product=cilindro-japones\"]}]},{\"@type\":\"ImageObject\",\"inLanguage\":\"es-CO\",\"@id\":\"https:\/\/colchoneselencanto.com.co\/?product=cilindro-japones#primaryimage\",\"url\":\"https:\/\/colchoneselencanto.com.co\/wp-content\/uploads\/2022\/05\/almohada-cilindro-japones.jpg\",\"contentUrl\":\"https:\/\/colchoneselencanto.com.co\/wp-content\/uploads\/2022\/05\/almohada-cilindro-japones.jpg\",\"width\":1800,\"height\":1178},{\"@type\":\"BreadcrumbList\",\"@id\":\"https:\/\/colchoneselencanto.com.co\/?product=cilindro-japones#breadcrumb\",\"itemListElement\":[{\"@type\":\"ListItem\",\"position\":1,\"name\":\"Inicio\",\"item\":\"https:\/\/colchoneselencanto.com.co\/\"},{\"@type\":\"ListItem\",\"position\":2,\"name\":\"Tienda\",\"item\":\"https:\/\/colchoneselencanto.com.co\/?page_id=5\"},{\"@type\":\"ListItem\",\"position\":3,\"name\":\"Almohada Cilindro Japon\u00e9s 60\"}]},{\"@type\":\"WebSite\",\"@id\":\"https:\/\/colchoneselencanto.com.co\/#website\",\"url\":\"https:\/\/colchoneselencanto.com.co\/\",\"name\":\"Colchones El Encanto &gt; Ergonom\u00eda y Confort\",\"description\":\"Fabricaci\u00f3n y venta de colchones, futones, camas, sof\u00e1s cama, muebles flexibles y plegables como sillones, con colch\u00f3n tipo fut\u00f3n japon\u00e9s. Especializados en materias primas como las fibras largas de algod\u00f3n peinado y maderas solidas de pino.\",\"publisher\":{\"@id\":\"https:\/\/colchoneselencanto.com.co\/#organization\"},\"potentialAction\":[{\"@type\":\"SearchAction\",\"target\":{\"@type\":\"EntryPoint\",\"urlTemplate\":\"https:\/\/colchoneselencanto.com.co\/?s={search_term_string}\"},\"query-input\":{\"@type\":\"PropertyValueSpecification\",\"valueRequired\":true,\"valueName\":\"search_term_string\"}}],\"inLanguage\":\"es-CO\"},{\"@type\":\"Organization\",\"@id\":\"https:\/\/colchoneselencanto.com.co\/#organization\",\"name\":\"Colchones El Encanto &gt; Ergonom\u00eda y Confort\",\"url\":\"https:\/\/colchoneselencanto.com.co\/\",\"logo\":{\"@type\":\"ImageObject\",\"inLanguage\":\"es-CO\",\"@id\":\"https:\/\/colchoneselencanto.com.co\/#\/schema\/logo\/image\/\",\"url\":\"https:\/\/colchoneselencanto.com.co\/wp-content\/uploads\/2022\/01\/logo2.png\",\"contentUrl\":\"https:\/\/colchoneselencanto.com.co\/wp-content\/uploads\/2022\/01\/logo2.png\",\"width\":237,\"height\":63,\"caption\":\"Colchones El Encanto &gt; Ergonom\u00eda y Confort\"},\"image\":{\"@id\":\"https:\/\/colchoneselencanto.com.co\/#\/schema\/logo\/image\/\"}}]}<\/script>\n<meta property=\"product:price:amount\" content=\"90000.00\" \/>\n<meta property=\"product:price:currency\" content=\"COP\" \/>\n<meta property=\"og:availability\" content=\"instock\" \/>\n<meta property=\"product:availability\" content=\"instock\" \/>\n<meta property=\"product:retailer_item_id\" content=\"ACILJE-60\" \/>\n<meta property=\"product:condition\" content=\"new\" \/>\n<!-- \/ Yoast SEO Premium plugin. -->","yoast_head_json":{"title":"Almohada Cilindro Japon\u00e9s 60 - Colchones El Encanto &gt; Ergonom\u00eda y Confort","robots":{"index":"index","follow":"follow","max-snippet":"max-snippet:-1","max-image-preview":"max-image-preview:large","max-video-preview":"max-video-preview:-1"},"canonical":"https:\/\/colchoneselencanto.com.co\/?product=cilindro-japones","og_locale":"es_ES","og_type":"article","og_title":"Almohada Cilindro Japon\u00e9s 60","og_description":"\u2705 Soporte confortable para el cuello:\u00a0Apoye su cabeza de manera efectiva, elimine dolores, molestias amenazantes, y disfrute de un sue\u00f1o tranquilo manteniendo una la alineaci\u00f3n adecuada del cuello, evite la presi\u00f3n sobre el disco espinal y las articulaciones, e incluso descanse la parte inferior de la espalda, las rodillas, las pantorrillas y los pies.","og_url":"https:\/\/colchoneselencanto.com.co\/?product=cilindro-japones","og_site_name":"Colchones El Encanto &gt; Ergonom\u00eda y Confort","article_modified_time":"2022-08-17T03:28:35+00:00","og_image":[{"width":1800,"height":1178,"url":"https:\/\/colchoneselencanto.com.co\/wp-content\/uploads\/2022\/05\/almohada-cilindro-japones.jpg","type":"image\/jpeg"}],"twitter_card":"summary_large_image","twitter_misc":{"Precio":"$90,000.00","Availability":"In stock"},"schema":{"@context":"https:\/\/schema.org","@graph":[{"@type":"WebPage","@id":"https:\/\/colchoneselencanto.com.co\/?product=cilindro-japones","url":"https:\/\/colchoneselencanto.com.co\/?product=cilindro-japones","name":"Almohada Cilindro Japon\u00e9s 60 - Colchones El Encanto &gt; Ergonom\u00eda y Confort","isPartOf":{"@id":"https:\/\/colchoneselencanto.com.co\/#website"},"primaryImageOfPage":{"@id":"https:\/\/colchoneselencanto.com.co\/?product=cilindro-japones#primaryimage"},"image":{"@id":"https:\/\/colchoneselencanto.com.co\/?product=cilindro-japones#primaryimage"},"thumbnailUrl":"https:\/\/colchoneselencanto.com.co\/wp-content\/uploads\/2022\/05\/almohada-cilindro-japones.jpg","datePublished":"2022-05-26T04:40:21+00:00","dateModified":"2022-08-17T03:28:35+00:00","breadcrumb":{"@id":"https:\/\/colchoneselencanto.com.co\/?product=cilindro-japones#breadcrumb"},"inLanguage":"es-CO","potentialAction":[{"@type":"ReadAction","target":["https:\/\/colchoneselencanto.com.co\/?product=cilindro-japones"]}]},{"@type":"ImageObject","inLanguage":"es-CO","@id":"https:\/\/colchoneselencanto.com.co\/?product=cilindro-japones#primaryimage","url":"https:\/\/colchoneselencanto.com.co\/wp-content\/uploads\/2022\/05\/almohada-cilindro-japones.jpg","contentUrl":"https:\/\/colchoneselencanto.com.co\/wp-content\/uploads\/2022\/05\/almohada-cilindro-japones.jpg","width":1800,"height":1178},{"@type":"BreadcrumbList","@id":"https:\/\/colchoneselencanto.com.co\/?product=cilindro-japones#breadcrumb","itemListElement":[{"@type":"ListItem","position":1,"name":"Inicio","item":"https:\/\/colchoneselencanto.com.co\/"},{"@type":"ListItem","position":2,"name":"Tienda","item":"https:\/\/colchoneselencanto.com.co\/?page_id=5"},{"@type":"ListItem","position":3,"name":"Almohada Cilindro Japon\u00e9s 60"}]},{"@type":"WebSite","@id":"https:\/\/colchoneselencanto.com.co\/#website","url":"https:\/\/colchoneselencanto.com.co\/","name":"Colchones El Encanto &gt; Ergonom\u00eda y Confort","description":"Fabricaci\u00f3n y venta de colchones, futones, camas, sof\u00e1s cama, muebles flexibles y plegables como sillones, con colch\u00f3n tipo fut\u00f3n japon\u00e9s. Especializados en materias primas como las fibras largas de algod\u00f3n peinado y maderas solidas de pino.","publisher":{"@id":"https:\/\/colchoneselencanto.com.co\/#organization"},"potentialAction":[{"@type":"SearchAction","target":{"@type":"EntryPoint","urlTemplate":"https:\/\/colchoneselencanto.com.co\/?s={search_term_string}"},"query-input":{"@type":"PropertyValueSpecification","valueRequired":true,"valueName":"search_term_string"}}],"inLanguage":"es-CO"},{"@type":"Organization","@id":"https:\/\/colchoneselencanto.com.co\/#organization","name":"Colchones El Encanto &gt; Ergonom\u00eda y Confort","url":"https:\/\/colchoneselencanto.com.co\/","logo":{"@type":"ImageObject","inLanguage":"es-CO","@id":"https:\/\/colchoneselencanto.com.co\/#\/schema\/logo\/image\/","url":"https:\/\/colchoneselencanto.com.co\/wp-content\/uploads\/2022\/01\/logo2.png","contentUrl":"https:\/\/colchoneselencanto.com.co\/wp-content\/uploads\/2022\/01\/logo2.png","width":237,"height":63,"caption":"Colchones El Encanto &gt; Ergonom\u00eda y Confort"},"image":{"@id":"https:\/\/colchoneselencanto.com.co\/#\/schema\/logo\/image\/"}}]},"product_price_amount":"90000.00","product_price_currency":"COP","og_availability":"instock","product_availability":"instock","product_retailer_item_id":"ACILJE-60","product_condition":"new"},"_links":{"self":[{"href":"https:\/\/colchoneselencanto.com.co\/index.php?rest_route=\/wp\/v2\/product\/2577","targetHints":{"allow":["GET"]}}],"collection":[{"href":"https:\/\/colchoneselencanto.com.co\/index.php?rest_route=\/wp\/v2\/product"}],"about":[{"href":"https:\/\/colchoneselencanto.com.co\/index.php?rest_route=\/wp\/v2\/types\/product"}],"replies":[{"embeddable":true,"href":"https:\/\/colchoneselencanto.com.co\/index.php?rest_route=%2Fwp%2Fv2%2Fcomments&post=2577"}],"wp:featuredmedia":[{"embeddable":true,"href":"https:\/\/colchoneselencanto.com.co\/index.php?rest_route=\/wp\/v2\/media\/2578"}],"wp:attachment":[{"href":"https:\/\/colchoneselencanto.com.co\/index.php?rest_route=%2Fwp%2Fv2%2Fmedia&parent=2577"}],"wp:term":[{"taxonomy":"product_brand","embeddable":true,"href":"https:\/\/colchoneselencanto.com.co\/index.php?rest_route=%2Fwp%2Fv2%2Fproduct_brand&post=2577"},{"taxonomy":"product_cat","embeddable":true,"href":"https:\/\/colchoneselencanto.com.co\/index.php?rest_route=%2Fwp%2Fv2%2Fproduct_cat&post=2577"},{"taxonomy":"product_tag","embeddable":true,"href":"https:\/\/colchoneselencanto.com.co\/index.php?rest_route=%2Fwp%2Fv2%2Fproduct_tag&post=2577"}],"curies":[{"name":"wp","href":"https:\/\/api.w.org\/{rel}","templated":true}]}}