{"id":2507,"date":"2022-05-18T18:29:34","date_gmt":"2022-05-18T23:29:34","guid":{"rendered":"https:\/\/colchoneselencanto.com.co\/?post_type=product&#038;p=2507"},"modified":"2022-08-15T21:31:57","modified_gmt":"2022-08-16T02:31:57","slug":"base-futon-tairona-140","status":"publish","type":"product","link":"https:\/\/colchoneselencanto.com.co\/?product=base-futon-tairona-140","title":{"rendered":"Base Fut\u00f3n Tairona 140"},"content":{"rendered":"<p style=\"text-align: justify;\">El exclusivo dise\u00f1o del fut\u00f3n multifuncional Tairona cuenta con 13 posiciones convertibles, el \u00e1ngulo posterior puede ajustarse en cualquiera de las cuatro posiciones y el reposapi\u00e9s tiene patas abatibles para que pueda usarse en la posici\u00f3n de apoyo, adem\u00e1s la secci\u00f3n de reposapi\u00e9s se pliega cuando no esta en uso; pero eso no es todo, Tairona tambi\u00e9n se convierte r\u00e1pida y f\u00e1cilmente en una cama de plataforma de 28 centimetros de altura, simplemente doblando la parte posterior hacia abajo y levantando el reposapi\u00e9s.<\/p>\n<p style=\"text-align: justify;\">El armaz\u00f3n est\u00e1 hecho de madera de Pino importado, secada al horno y cepillada en 4 lados para ser lisa al tacto con acabado natural.<\/p>\n<p style=\"text-align: justify;\">Esta base funciona mejor cuando se usa con un colch\u00f3n japon\u00e9s, ser\u00e1 un accesorio resistente en su hogar durante los pr\u00f3ximos a\u00f1os.<\/p>\n<p style=\"text-align: justify;\">Para m\u00e1s informaci\u00f3n no dude en ponerse en contacto con nosotros por email o tel\u00e9fono.<\/p>\n","protected":false},"excerpt":{"rendered":"<div class=\"short-description\">\n<div class=\"std\">\n<div class=\"product-description\">\n<div class=\"product-description\">\n<p style=\"text-align: justify;\">Base sof\u00e1 cama en madera solida de Pino importado, ideal para usar con colch\u00f3n japon\u00e9s, se adapta perfenctamente a espacios como: apartaestudios, habitaciones, salas, terrazas, lugar de trabajo, etc,. Gracias a su vers\u00e1til estructura, puede transformarse f\u00e1cilmente de un sof\u00e1 a un sill\u00f3n o a una cama. Pr\u00e1ctico, funcional y confortable. Tama\u00f1o: 140 x 200 cm.<\/p>\n<\/div>\n<\/div>\n<\/div>\n<\/div>\n","protected":false},"featured_media":1664,"comment_status":"open","ping_status":"closed","template":"","meta":[],"product_brand":[],"product_cat":[92,88,42,82],"product_tag":[],"class_list":{"0":"post-2507","1":"product","2":"type-product","3":"status-publish","4":"has-post-thumbnail","6":"product_cat-bases","7":"product_cat-camas","8":"product_cat-futones","9":"product_cat-sofas","11":"first","12":"instock","13":"shipping-taxable","14":"purchasable","15":"product-type-simple"},"yoast_head":"<!-- This site is optimized with the Yoast SEO Premium plugin v19.1 (Yoast SEO v27.2) - https:\/\/yoast.com\/product\/yoast-seo-premium-wordpress\/ -->\n<title>Base Fut\u00f3n Tairona 140 - Colchones El Encanto &gt; Ergonom\u00eda y Confort<\/title>\n<meta name=\"robots\" content=\"index, follow, max-snippet:-1, max-image-preview:large, max-video-preview:-1\" \/>\n<link rel=\"canonical\" href=\"https:\/\/colchoneselencanto.com.co\/?product=base-futon-tairona-140\" \/>\n<meta property=\"og:locale\" content=\"es_ES\" \/>\n<meta property=\"og:type\" content=\"article\" \/>\n<meta property=\"og:title\" content=\"Base Fut\u00f3n Tairona 140\" \/>\n<meta property=\"og:description\" content=\"Base sof\u00e1 cama en madera solida de Pino importado, ideal para usar con colch\u00f3n japon\u00e9s, se adapta perfenctamente a espacios como: apartaestudios, habitaciones, salas, terrazas, lugar de trabajo, etc,. Gracias a su vers\u00e1til estructura, puede transformarse f\u00e1cilmente de un sof\u00e1 a un sill\u00f3n o a una cama. Pr\u00e1ctico, funcional y confortable. Tama\u00f1o: 140 x 200 cm.\" \/>\n<meta property=\"og:url\" content=\"https:\/\/colchoneselencanto.com.co\/?product=base-futon-tairona-140\" \/>\n<meta property=\"og:site_name\" content=\"Colchones El Encanto &gt; Ergonom\u00eda y Confort\" \/>\n<meta property=\"article:modified_time\" content=\"2022-08-16T02:31:57+00:00\" \/>\n<meta property=\"og:image\" content=\"https:\/\/colchoneselencanto.com.co\/wp-content\/uploads\/2016\/05\/FutonTrifold-2.jpg\" \/>\n\t<meta property=\"og:image:width\" content=\"1800\" \/>\n\t<meta property=\"og:image:height\" content=\"1178\" \/>\n\t<meta property=\"og:image:type\" content=\"image\/jpeg\" \/>\n<meta name=\"twitter:card\" content=\"summary_large_image\" \/>\n<meta name=\"twitter:label1\" content=\"Precio\" \/>\n\t<meta name=\"twitter:data1\" content=\"$950,000.00\" \/>\n\t<meta name=\"twitter:label2\" content=\"Availability\" \/>\n\t<meta name=\"twitter:data2\" content=\"In stock\" \/>\n<script type=\"application\/ld+json\" class=\"yoast-schema-graph\">{\"@context\":\"https:\/\/schema.org\",\"@graph\":[{\"@type\":\"WebPage\",\"@id\":\"https:\/\/colchoneselencanto.com.co\/?product=base-futon-tairona-140\",\"url\":\"https:\/\/colchoneselencanto.com.co\/?product=base-futon-tairona-140\",\"name\":\"Base Fut\u00f3n Tairona 140 - Colchones El Encanto &gt; Ergonom\u00eda y Confort\",\"isPartOf\":{\"@id\":\"https:\/\/colchoneselencanto.com.co\/#website\"},\"primaryImageOfPage\":{\"@id\":\"https:\/\/colchoneselencanto.com.co\/?product=base-futon-tairona-140#primaryimage\"},\"image\":{\"@id\":\"https:\/\/colchoneselencanto.com.co\/?product=base-futon-tairona-140#primaryimage\"},\"thumbnailUrl\":\"https:\/\/colchoneselencanto.com.co\/wp-content\/uploads\/2016\/05\/FutonTrifold-2.jpg\",\"datePublished\":\"2022-05-18T23:29:34+00:00\",\"dateModified\":\"2022-08-16T02:31:57+00:00\",\"breadcrumb\":{\"@id\":\"https:\/\/colchoneselencanto.com.co\/?product=base-futon-tairona-140#breadcrumb\"},\"inLanguage\":\"es-CO\",\"potentialAction\":[{\"@type\":\"ReadAction\",\"target\":[\"https:\/\/colchoneselencanto.com.co\/?product=base-futon-tairona-140\"]}]},{\"@type\":\"ImageObject\",\"inLanguage\":\"es-CO\",\"@id\":\"https:\/\/colchoneselencanto.com.co\/?product=base-futon-tairona-140#primaryimage\",\"url\":\"https:\/\/colchoneselencanto.com.co\/wp-content\/uploads\/2016\/05\/FutonTrifold-2.jpg\",\"contentUrl\":\"https:\/\/colchoneselencanto.com.co\/wp-content\/uploads\/2016\/05\/FutonTrifold-2.jpg\",\"width\":1800,\"height\":1178},{\"@type\":\"BreadcrumbList\",\"@id\":\"https:\/\/colchoneselencanto.com.co\/?product=base-futon-tairona-140#breadcrumb\",\"itemListElement\":[{\"@type\":\"ListItem\",\"position\":1,\"name\":\"Inicio\",\"item\":\"https:\/\/colchoneselencanto.com.co\/\"},{\"@type\":\"ListItem\",\"position\":2,\"name\":\"Tienda\",\"item\":\"https:\/\/colchoneselencanto.com.co\/?page_id=5\"},{\"@type\":\"ListItem\",\"position\":3,\"name\":\"Base Fut\u00f3n Tairona 140\"}]},{\"@type\":\"WebSite\",\"@id\":\"https:\/\/colchoneselencanto.com.co\/#website\",\"url\":\"https:\/\/colchoneselencanto.com.co\/\",\"name\":\"Colchones El Encanto &gt; Ergonom\u00eda y Confort\",\"description\":\"Fabricaci\u00f3n y venta de colchones, futones, camas, sof\u00e1s cama, muebles flexibles y plegables como sillones, con colch\u00f3n tipo fut\u00f3n japon\u00e9s. Especializados en materias primas como las fibras largas de algod\u00f3n peinado y maderas solidas de pino.\",\"publisher\":{\"@id\":\"https:\/\/colchoneselencanto.com.co\/#organization\"},\"potentialAction\":[{\"@type\":\"SearchAction\",\"target\":{\"@type\":\"EntryPoint\",\"urlTemplate\":\"https:\/\/colchoneselencanto.com.co\/?s={search_term_string}\"},\"query-input\":{\"@type\":\"PropertyValueSpecification\",\"valueRequired\":true,\"valueName\":\"search_term_string\"}}],\"inLanguage\":\"es-CO\"},{\"@type\":\"Organization\",\"@id\":\"https:\/\/colchoneselencanto.com.co\/#organization\",\"name\":\"Colchones El Encanto &gt; Ergonom\u00eda y Confort\",\"url\":\"https:\/\/colchoneselencanto.com.co\/\",\"logo\":{\"@type\":\"ImageObject\",\"inLanguage\":\"es-CO\",\"@id\":\"https:\/\/colchoneselencanto.com.co\/#\/schema\/logo\/image\/\",\"url\":\"https:\/\/colchoneselencanto.com.co\/wp-content\/uploads\/2022\/01\/logo2.png\",\"contentUrl\":\"https:\/\/colchoneselencanto.com.co\/wp-content\/uploads\/2022\/01\/logo2.png\",\"width\":237,\"height\":63,\"caption\":\"Colchones El Encanto &gt; Ergonom\u00eda y Confort\"},\"image\":{\"@id\":\"https:\/\/colchoneselencanto.com.co\/#\/schema\/logo\/image\/\"}}]}<\/script>\n<meta property=\"product:price:amount\" content=\"950000.00\" \/>\n<meta property=\"product:price:currency\" content=\"COP\" \/>\n<meta property=\"og:availability\" content=\"instock\" \/>\n<meta property=\"product:availability\" content=\"instock\" \/>\n<meta property=\"product:retailer_item_id\" content=\"BFTE140\" \/>\n<meta property=\"product:condition\" content=\"new\" \/>\n<!-- \/ Yoast SEO Premium plugin. -->","yoast_head_json":{"title":"Base Fut\u00f3n Tairona 140 - Colchones El Encanto &gt; Ergonom\u00eda y Confort","robots":{"index":"index","follow":"follow","max-snippet":"max-snippet:-1","max-image-preview":"max-image-preview:large","max-video-preview":"max-video-preview:-1"},"canonical":"https:\/\/colchoneselencanto.com.co\/?product=base-futon-tairona-140","og_locale":"es_ES","og_type":"article","og_title":"Base Fut\u00f3n Tairona 140","og_description":"Base sof\u00e1 cama en madera solida de Pino importado, ideal para usar con colch\u00f3n japon\u00e9s, se adapta perfenctamente a espacios como: apartaestudios, habitaciones, salas, terrazas, lugar de trabajo, etc,. Gracias a su vers\u00e1til estructura, puede transformarse f\u00e1cilmente de un sof\u00e1 a un sill\u00f3n o a una cama. Pr\u00e1ctico, funcional y confortable. Tama\u00f1o: 140 x 200 cm.","og_url":"https:\/\/colchoneselencanto.com.co\/?product=base-futon-tairona-140","og_site_name":"Colchones El Encanto &gt; Ergonom\u00eda y Confort","article_modified_time":"2022-08-16T02:31:57+00:00","og_image":[{"width":1800,"height":1178,"url":"https:\/\/colchoneselencanto.com.co\/wp-content\/uploads\/2016\/05\/FutonTrifold-2.jpg","type":"image\/jpeg"}],"twitter_card":"summary_large_image","twitter_misc":{"Precio":"$950,000.00","Availability":"In stock"},"schema":{"@context":"https:\/\/schema.org","@graph":[{"@type":"WebPage","@id":"https:\/\/colchoneselencanto.com.co\/?product=base-futon-tairona-140","url":"https:\/\/colchoneselencanto.com.co\/?product=base-futon-tairona-140","name":"Base Fut\u00f3n Tairona 140 - Colchones El Encanto &gt; Ergonom\u00eda y Confort","isPartOf":{"@id":"https:\/\/colchoneselencanto.com.co\/#website"},"primaryImageOfPage":{"@id":"https:\/\/colchoneselencanto.com.co\/?product=base-futon-tairona-140#primaryimage"},"image":{"@id":"https:\/\/colchoneselencanto.com.co\/?product=base-futon-tairona-140#primaryimage"},"thumbnailUrl":"https:\/\/colchoneselencanto.com.co\/wp-content\/uploads\/2016\/05\/FutonTrifold-2.jpg","datePublished":"2022-05-18T23:29:34+00:00","dateModified":"2022-08-16T02:31:57+00:00","breadcrumb":{"@id":"https:\/\/colchoneselencanto.com.co\/?product=base-futon-tairona-140#breadcrumb"},"inLanguage":"es-CO","potentialAction":[{"@type":"ReadAction","target":["https:\/\/colchoneselencanto.com.co\/?product=base-futon-tairona-140"]}]},{"@type":"ImageObject","inLanguage":"es-CO","@id":"https:\/\/colchoneselencanto.com.co\/?product=base-futon-tairona-140#primaryimage","url":"https:\/\/colchoneselencanto.com.co\/wp-content\/uploads\/2016\/05\/FutonTrifold-2.jpg","contentUrl":"https:\/\/colchoneselencanto.com.co\/wp-content\/uploads\/2016\/05\/FutonTrifold-2.jpg","width":1800,"height":1178},{"@type":"BreadcrumbList","@id":"https:\/\/colchoneselencanto.com.co\/?product=base-futon-tairona-140#breadcrumb","itemListElement":[{"@type":"ListItem","position":1,"name":"Inicio","item":"https:\/\/colchoneselencanto.com.co\/"},{"@type":"ListItem","position":2,"name":"Tienda","item":"https:\/\/colchoneselencanto.com.co\/?page_id=5"},{"@type":"ListItem","position":3,"name":"Base Fut\u00f3n Tairona 140"}]},{"@type":"WebSite","@id":"https:\/\/colchoneselencanto.com.co\/#website","url":"https:\/\/colchoneselencanto.com.co\/","name":"Colchones El Encanto &gt; Ergonom\u00eda y Confort","description":"Fabricaci\u00f3n y venta de colchones, futones, camas, sof\u00e1s cama, muebles flexibles y plegables como sillones, con colch\u00f3n tipo fut\u00f3n japon\u00e9s. Especializados en materias primas como las fibras largas de algod\u00f3n peinado y maderas solidas de pino.","publisher":{"@id":"https:\/\/colchoneselencanto.com.co\/#organization"},"potentialAction":[{"@type":"SearchAction","target":{"@type":"EntryPoint","urlTemplate":"https:\/\/colchoneselencanto.com.co\/?s={search_term_string}"},"query-input":{"@type":"PropertyValueSpecification","valueRequired":true,"valueName":"search_term_string"}}],"inLanguage":"es-CO"},{"@type":"Organization","@id":"https:\/\/colchoneselencanto.com.co\/#organization","name":"Colchones El Encanto &gt; Ergonom\u00eda y Confort","url":"https:\/\/colchoneselencanto.com.co\/","logo":{"@type":"ImageObject","inLanguage":"es-CO","@id":"https:\/\/colchoneselencanto.com.co\/#\/schema\/logo\/image\/","url":"https:\/\/colchoneselencanto.com.co\/wp-content\/uploads\/2022\/01\/logo2.png","contentUrl":"https:\/\/colchoneselencanto.com.co\/wp-content\/uploads\/2022\/01\/logo2.png","width":237,"height":63,"caption":"Colchones El Encanto &gt; Ergonom\u00eda y Confort"},"image":{"@id":"https:\/\/colchoneselencanto.com.co\/#\/schema\/logo\/image\/"}}]},"product_price_amount":"950000.00","product_price_currency":"COP","og_availability":"instock","product_availability":"instock","product_retailer_item_id":"BFTE140","product_condition":"new"},"_links":{"self":[{"href":"https:\/\/colchoneselencanto.com.co\/index.php?rest_route=\/wp\/v2\/product\/2507","targetHints":{"allow":["GET"]}}],"collection":[{"href":"https:\/\/colchoneselencanto.com.co\/index.php?rest_route=\/wp\/v2\/product"}],"about":[{"href":"https:\/\/colchoneselencanto.com.co\/index.php?rest_route=\/wp\/v2\/types\/product"}],"replies":[{"embeddable":true,"href":"https:\/\/colchoneselencanto.com.co\/index.php?rest_route=%2Fwp%2Fv2%2Fcomments&post=2507"}],"wp:featuredmedia":[{"embeddable":true,"href":"https:\/\/colchoneselencanto.com.co\/index.php?rest_route=\/wp\/v2\/media\/1664"}],"wp:attachment":[{"href":"https:\/\/colchoneselencanto.com.co\/index.php?rest_route=%2Fwp%2Fv2%2Fmedia&parent=2507"}],"wp:term":[{"taxonomy":"product_brand","embeddable":true,"href":"https:\/\/colchoneselencanto.com.co\/index.php?rest_route=%2Fwp%2Fv2%2Fproduct_brand&post=2507"},{"taxonomy":"product_cat","embeddable":true,"href":"https:\/\/colchoneselencanto.com.co\/index.php?rest_route=%2Fwp%2Fv2%2Fproduct_cat&post=2507"},{"taxonomy":"product_tag","embeddable":true,"href":"https:\/\/colchoneselencanto.com.co\/index.php?rest_route=%2Fwp%2Fv2%2Fproduct_tag&post=2507"}],"curies":[{"name":"wp","href":"https:\/\/api.w.org\/{rel}","templated":true}]}}