{"id":2297,"date":"2022-05-20T16:02:04","date_gmt":"2022-05-20T21:02:04","guid":{"rendered":"https:\/\/colchoneselencanto.com.co\/?post_type=product&#038;p=2297"},"modified":"2022-08-17T00:28:19","modified_gmt":"2022-08-17T05:28:19","slug":"combo-romantica-100","status":"publish","type":"product","link":"https:\/\/colchoneselencanto.com.co\/?product=combo-romantica-100","title":{"rendered":"Fut\u00f3n Japon\u00e9s con Colchoneta Romantica 100"},"content":{"rendered":"<p style=\"text-align: justify;\">Tanto si se emplea como sof\u00e1 o como cama, nuestro fut\u00f3n es pr\u00e1ctico, funcional y confortable, est\u00e1 hecha de pino resistente, con la posibilidad de levantar un c\u00f3modo respaldo en el que puede recostarse y recargarse de\u00a0 energ\u00eda.<\/p>\n<p style=\"text-align: justify;\">Puede ser su cama ideal para invitados, gracias a su tama\u00f1o y atractivo dise\u00f1o es un complemento que se adapta a gran variedad de espacios; es ideal para apartaestudios, estaci\u00f3nes de trabajo, habitaciones, salas, terrazas, etc,.<\/p>\n<p style=\"text-align: justify;\">Gracias a su acabado, puede te\u00f1irla o pintarla del color que desee. Como muchos de nuestros clientes satisfechos, tambi\u00e9n puede disfrutar de su tono natural de madera\u00a0 y dejarlo al descubierto. \u00a0Ser\u00e1 un accesorio resistente en su hogar durante los pr\u00f3ximos a\u00f1os.<\/p>\n<p style=\"text-align: justify;\">Para m\u00e1s informaci\u00f3n no dude en ponerse en contacto con nosotros por email o tel\u00e9fono.<\/p>\n<p style=\"text-align: justify;\">A continuaci\u00f3n mostramos un v\u00eddeo para su transformaci\u00f3n de sof\u00e1 a cama y viceversa:<\/p>\n<div style=\"width: 940px;\" class=\"wp-video\"><video class=\"wp-video-shortcode\" id=\"video-2297-1\" width=\"940\" height=\"529\" loop autoplay preload=\"auto\" controls=\"controls\"><source type=\"video\/mp4\" src=\"https:\/\/colchoneselencanto.com.co\/wp-content\/uploads\/2022\/01\/futonjapon.mp4?_=1\" \/><a href=\"https:\/\/colchoneselencanto.com.co\/wp-content\/uploads\/2022\/01\/futonjapon.mp4\">https:\/\/colchoneselencanto.com.co\/wp-content\/uploads\/2022\/01\/futonjapon.mp4<\/a><\/video><\/div>\n","protected":false},"excerpt":{"rendered":"<div class=\"short-description\">\n<div style=\"text-align: justify;\">\n<div style=\"text-align: justify;\">Vers\u00e1til estructura en madera solida de Pino importado, puede transformarse f\u00e1cilmente de un sof\u00e1, a un sill\u00f3n, o a una cama. Pr\u00e1ctico, funcional y confortable. Incluye Colchoneta Rom\u00e1ntica de 10 cm de espesor, hecha de fibras largas peinadas de algod\u00f3n y poliester. Se adapta perfectamente a espacios como: apartaestudios, habitaciones, salas, terrazas, lugar de trabajo, etc,. Tama\u00f1o: 100 x 200 cm.<\/div>\n<\/div>\n<div class=\"std\"><\/div>\n<\/div>\n","protected":false},"featured_media":2298,"comment_status":"open","ping_status":"closed","template":"","meta":[],"product_brand":[],"product_cat":[88,69,42,82],"product_tag":[154],"class_list":{"0":"post-2297","1":"product","2":"type-product","3":"status-publish","4":"has-post-thumbnail","6":"product_cat-camas","7":"product_cat-colchones","8":"product_cat-futones","9":"product_cat-sofas","10":"product_tag-sofa-futon","12":"first","13":"instock","14":"shipping-taxable","15":"purchasable","16":"product-type-simple"},"yoast_head":"<!-- This site is optimized with the Yoast SEO Premium plugin v19.1 (Yoast SEO v27.2) - https:\/\/yoast.com\/product\/yoast-seo-premium-wordpress\/ -->\n<title>Fut\u00f3n Japon\u00e9s con Colchoneta Romantica 100 - Colchones El Encanto &gt; Ergonom\u00eda y Confort<\/title>\n<meta name=\"robots\" content=\"index, follow, max-snippet:-1, max-image-preview:large, max-video-preview:-1\" \/>\n<link rel=\"canonical\" href=\"https:\/\/colchoneselencanto.com.co\/?product=combo-romantica-100\" \/>\n<meta property=\"og:locale\" content=\"es_ES\" \/>\n<meta property=\"og:type\" content=\"article\" \/>\n<meta property=\"og:title\" content=\"Fut\u00f3n Japon\u00e9s con Colchoneta Romantica 100\" \/>\n<meta property=\"og:description\" content=\"Vers\u00e1til estructura en madera solida de Pino importado, puede transformarse f\u00e1cilmente de un sof\u00e1, a un sill\u00f3n, o a una cama. Pr\u00e1ctico, funcional y confortable. Incluye Colchoneta Rom\u00e1ntica de 10 cm de espesor, hecha de fibras largas peinadas de algod\u00f3n y poliester. Se adapta perfectamente a espacios como: apartaestudios, habitaciones, salas, terrazas, lugar de trabajo, etc,. Tama\u00f1o: 100 x 200 cm.\" \/>\n<meta property=\"og:url\" content=\"https:\/\/colchoneselencanto.com.co\/?product=combo-romantica-100\" \/>\n<meta property=\"og:site_name\" content=\"Colchones El Encanto &gt; Ergonom\u00eda y Confort\" \/>\n<meta property=\"article:modified_time\" content=\"2022-08-17T05:28:19+00:00\" \/>\n<meta property=\"og:image\" content=\"https:\/\/colchoneselencanto.com.co\/wp-content\/uploads\/2022\/04\/futon-japones-romantica-100.jpg\" \/>\n\t<meta property=\"og:image:width\" content=\"1800\" \/>\n\t<meta property=\"og:image:height\" content=\"1178\" \/>\n\t<meta property=\"og:image:type\" content=\"image\/jpeg\" \/>\n<meta name=\"twitter:card\" content=\"summary_large_image\" \/>\n<meta name=\"twitter:label1\" content=\"Precio\" \/>\n\t<meta name=\"twitter:data1\" content=\"$1,240,000.00\" \/>\n\t<meta name=\"twitter:label2\" content=\"Availability\" \/>\n\t<meta name=\"twitter:data2\" content=\"In stock\" \/>\n<script type=\"application\/ld+json\" class=\"yoast-schema-graph\">{\"@context\":\"https:\/\/schema.org\",\"@graph\":[{\"@type\":\"WebPage\",\"@id\":\"https:\/\/colchoneselencanto.com.co\/?product=combo-romantica-100\",\"url\":\"https:\/\/colchoneselencanto.com.co\/?product=combo-romantica-100\",\"name\":\"Fut\u00f3n Japon\u00e9s con Colchoneta Romantica 100 - Colchones El Encanto &gt; Ergonom\u00eda y Confort\",\"isPartOf\":{\"@id\":\"https:\/\/colchoneselencanto.com.co\/#website\"},\"primaryImageOfPage\":{\"@id\":\"https:\/\/colchoneselencanto.com.co\/?product=combo-romantica-100#primaryimage\"},\"image\":{\"@id\":\"https:\/\/colchoneselencanto.com.co\/?product=combo-romantica-100#primaryimage\"},\"thumbnailUrl\":\"https:\/\/colchoneselencanto.com.co\/wp-content\/uploads\/2022\/04\/futon-japones-romantica-100.jpg\",\"datePublished\":\"2022-05-20T21:02:04+00:00\",\"dateModified\":\"2022-08-17T05:28:19+00:00\",\"breadcrumb\":{\"@id\":\"https:\/\/colchoneselencanto.com.co\/?product=combo-romantica-100#breadcrumb\"},\"inLanguage\":\"es-CO\",\"potentialAction\":[{\"@type\":\"ReadAction\",\"target\":[\"https:\/\/colchoneselencanto.com.co\/?product=combo-romantica-100\"]}]},{\"@type\":\"ImageObject\",\"inLanguage\":\"es-CO\",\"@id\":\"https:\/\/colchoneselencanto.com.co\/?product=combo-romantica-100#primaryimage\",\"url\":\"https:\/\/colchoneselencanto.com.co\/wp-content\/uploads\/2022\/04\/futon-japones-romantica-100.jpg\",\"contentUrl\":\"https:\/\/colchoneselencanto.com.co\/wp-content\/uploads\/2022\/04\/futon-japones-romantica-100.jpg\",\"width\":1800,\"height\":1178,\"caption\":\"Fut\u00f3n Japon\u00e9s con Colchoneta Rom\u00e1ntica\"},{\"@type\":\"BreadcrumbList\",\"@id\":\"https:\/\/colchoneselencanto.com.co\/?product=combo-romantica-100#breadcrumb\",\"itemListElement\":[{\"@type\":\"ListItem\",\"position\":1,\"name\":\"Inicio\",\"item\":\"https:\/\/colchoneselencanto.com.co\/\"},{\"@type\":\"ListItem\",\"position\":2,\"name\":\"Tienda\",\"item\":\"https:\/\/colchoneselencanto.com.co\/?page_id=5\"},{\"@type\":\"ListItem\",\"position\":3,\"name\":\"Fut\u00f3n Japon\u00e9s con Colchoneta Romantica 100\"}]},{\"@type\":\"WebSite\",\"@id\":\"https:\/\/colchoneselencanto.com.co\/#website\",\"url\":\"https:\/\/colchoneselencanto.com.co\/\",\"name\":\"Colchones El Encanto &gt; Ergonom\u00eda y Confort\",\"description\":\"Fabricaci\u00f3n y venta de colchones, futones, camas, sof\u00e1s cama, muebles flexibles y plegables como sillones, con colch\u00f3n tipo fut\u00f3n japon\u00e9s. Especializados en materias primas como las fibras largas de algod\u00f3n peinado y maderas solidas de pino.\",\"publisher\":{\"@id\":\"https:\/\/colchoneselencanto.com.co\/#organization\"},\"potentialAction\":[{\"@type\":\"SearchAction\",\"target\":{\"@type\":\"EntryPoint\",\"urlTemplate\":\"https:\/\/colchoneselencanto.com.co\/?s={search_term_string}\"},\"query-input\":{\"@type\":\"PropertyValueSpecification\",\"valueRequired\":true,\"valueName\":\"search_term_string\"}}],\"inLanguage\":\"es-CO\"},{\"@type\":\"Organization\",\"@id\":\"https:\/\/colchoneselencanto.com.co\/#organization\",\"name\":\"Colchones El Encanto &gt; Ergonom\u00eda y Confort\",\"url\":\"https:\/\/colchoneselencanto.com.co\/\",\"logo\":{\"@type\":\"ImageObject\",\"inLanguage\":\"es-CO\",\"@id\":\"https:\/\/colchoneselencanto.com.co\/#\/schema\/logo\/image\/\",\"url\":\"https:\/\/colchoneselencanto.com.co\/wp-content\/uploads\/2022\/01\/logo2.png\",\"contentUrl\":\"https:\/\/colchoneselencanto.com.co\/wp-content\/uploads\/2022\/01\/logo2.png\",\"width\":237,\"height\":63,\"caption\":\"Colchones El Encanto &gt; Ergonom\u00eda y Confort\"},\"image\":{\"@id\":\"https:\/\/colchoneselencanto.com.co\/#\/schema\/logo\/image\/\"}}]}<\/script>\n<meta property=\"product:price:amount\" content=\"1240000.00\" \/>\n<meta property=\"product:price:currency\" content=\"COP\" \/>\n<meta property=\"og:availability\" content=\"instock\" \/>\n<meta property=\"product:availability\" content=\"instock\" \/>\n<meta property=\"product:retailer_item_id\" content=\"CFJR-100\" \/>\n<meta property=\"product:condition\" content=\"new\" \/>\n<!-- \/ Yoast SEO Premium plugin. -->","yoast_head_json":{"title":"Fut\u00f3n Japon\u00e9s con Colchoneta Romantica 100 - Colchones El Encanto &gt; Ergonom\u00eda y Confort","robots":{"index":"index","follow":"follow","max-snippet":"max-snippet:-1","max-image-preview":"max-image-preview:large","max-video-preview":"max-video-preview:-1"},"canonical":"https:\/\/colchoneselencanto.com.co\/?product=combo-romantica-100","og_locale":"es_ES","og_type":"article","og_title":"Fut\u00f3n Japon\u00e9s con Colchoneta Romantica 100","og_description":"Vers\u00e1til estructura en madera solida de Pino importado, puede transformarse f\u00e1cilmente de un sof\u00e1, a un sill\u00f3n, o a una cama. Pr\u00e1ctico, funcional y confortable. Incluye Colchoneta Rom\u00e1ntica de 10 cm de espesor, hecha de fibras largas peinadas de algod\u00f3n y poliester. Se adapta perfectamente a espacios como: apartaestudios, habitaciones, salas, terrazas, lugar de trabajo, etc,. Tama\u00f1o: 100 x 200 cm.","og_url":"https:\/\/colchoneselencanto.com.co\/?product=combo-romantica-100","og_site_name":"Colchones El Encanto &gt; Ergonom\u00eda y Confort","article_modified_time":"2022-08-17T05:28:19+00:00","og_image":[{"width":1800,"height":1178,"url":"https:\/\/colchoneselencanto.com.co\/wp-content\/uploads\/2022\/04\/futon-japones-romantica-100.jpg","type":"image\/jpeg"}],"twitter_card":"summary_large_image","twitter_misc":{"Precio":"$1,240,000.00","Availability":"In stock"},"schema":{"@context":"https:\/\/schema.org","@graph":[{"@type":"WebPage","@id":"https:\/\/colchoneselencanto.com.co\/?product=combo-romantica-100","url":"https:\/\/colchoneselencanto.com.co\/?product=combo-romantica-100","name":"Fut\u00f3n Japon\u00e9s con Colchoneta Romantica 100 - Colchones El Encanto &gt; Ergonom\u00eda y Confort","isPartOf":{"@id":"https:\/\/colchoneselencanto.com.co\/#website"},"primaryImageOfPage":{"@id":"https:\/\/colchoneselencanto.com.co\/?product=combo-romantica-100#primaryimage"},"image":{"@id":"https:\/\/colchoneselencanto.com.co\/?product=combo-romantica-100#primaryimage"},"thumbnailUrl":"https:\/\/colchoneselencanto.com.co\/wp-content\/uploads\/2022\/04\/futon-japones-romantica-100.jpg","datePublished":"2022-05-20T21:02:04+00:00","dateModified":"2022-08-17T05:28:19+00:00","breadcrumb":{"@id":"https:\/\/colchoneselencanto.com.co\/?product=combo-romantica-100#breadcrumb"},"inLanguage":"es-CO","potentialAction":[{"@type":"ReadAction","target":["https:\/\/colchoneselencanto.com.co\/?product=combo-romantica-100"]}]},{"@type":"ImageObject","inLanguage":"es-CO","@id":"https:\/\/colchoneselencanto.com.co\/?product=combo-romantica-100#primaryimage","url":"https:\/\/colchoneselencanto.com.co\/wp-content\/uploads\/2022\/04\/futon-japones-romantica-100.jpg","contentUrl":"https:\/\/colchoneselencanto.com.co\/wp-content\/uploads\/2022\/04\/futon-japones-romantica-100.jpg","width":1800,"height":1178,"caption":"Fut\u00f3n Japon\u00e9s con Colchoneta Rom\u00e1ntica"},{"@type":"BreadcrumbList","@id":"https:\/\/colchoneselencanto.com.co\/?product=combo-romantica-100#breadcrumb","itemListElement":[{"@type":"ListItem","position":1,"name":"Inicio","item":"https:\/\/colchoneselencanto.com.co\/"},{"@type":"ListItem","position":2,"name":"Tienda","item":"https:\/\/colchoneselencanto.com.co\/?page_id=5"},{"@type":"ListItem","position":3,"name":"Fut\u00f3n Japon\u00e9s con Colchoneta Romantica 100"}]},{"@type":"WebSite","@id":"https:\/\/colchoneselencanto.com.co\/#website","url":"https:\/\/colchoneselencanto.com.co\/","name":"Colchones El Encanto &gt; Ergonom\u00eda y Confort","description":"Fabricaci\u00f3n y venta de colchones, futones, camas, sof\u00e1s cama, muebles flexibles y plegables como sillones, con colch\u00f3n tipo fut\u00f3n japon\u00e9s. Especializados en materias primas como las fibras largas de algod\u00f3n peinado y maderas solidas de pino.","publisher":{"@id":"https:\/\/colchoneselencanto.com.co\/#organization"},"potentialAction":[{"@type":"SearchAction","target":{"@type":"EntryPoint","urlTemplate":"https:\/\/colchoneselencanto.com.co\/?s={search_term_string}"},"query-input":{"@type":"PropertyValueSpecification","valueRequired":true,"valueName":"search_term_string"}}],"inLanguage":"es-CO"},{"@type":"Organization","@id":"https:\/\/colchoneselencanto.com.co\/#organization","name":"Colchones El Encanto &gt; Ergonom\u00eda y Confort","url":"https:\/\/colchoneselencanto.com.co\/","logo":{"@type":"ImageObject","inLanguage":"es-CO","@id":"https:\/\/colchoneselencanto.com.co\/#\/schema\/logo\/image\/","url":"https:\/\/colchoneselencanto.com.co\/wp-content\/uploads\/2022\/01\/logo2.png","contentUrl":"https:\/\/colchoneselencanto.com.co\/wp-content\/uploads\/2022\/01\/logo2.png","width":237,"height":63,"caption":"Colchones El Encanto &gt; Ergonom\u00eda y Confort"},"image":{"@id":"https:\/\/colchoneselencanto.com.co\/#\/schema\/logo\/image\/"}}]},"product_price_amount":"1240000.00","product_price_currency":"COP","og_availability":"instock","product_availability":"instock","product_retailer_item_id":"CFJR-100","product_condition":"new"},"_links":{"self":[{"href":"https:\/\/colchoneselencanto.com.co\/index.php?rest_route=\/wp\/v2\/product\/2297","targetHints":{"allow":["GET"]}}],"collection":[{"href":"https:\/\/colchoneselencanto.com.co\/index.php?rest_route=\/wp\/v2\/product"}],"about":[{"href":"https:\/\/colchoneselencanto.com.co\/index.php?rest_route=\/wp\/v2\/types\/product"}],"replies":[{"embeddable":true,"href":"https:\/\/colchoneselencanto.com.co\/index.php?rest_route=%2Fwp%2Fv2%2Fcomments&post=2297"}],"wp:featuredmedia":[{"embeddable":true,"href":"https:\/\/colchoneselencanto.com.co\/index.php?rest_route=\/wp\/v2\/media\/2298"}],"wp:attachment":[{"href":"https:\/\/colchoneselencanto.com.co\/index.php?rest_route=%2Fwp%2Fv2%2Fmedia&parent=2297"}],"wp:term":[{"taxonomy":"product_brand","embeddable":true,"href":"https:\/\/colchoneselencanto.com.co\/index.php?rest_route=%2Fwp%2Fv2%2Fproduct_brand&post=2297"},{"taxonomy":"product_cat","embeddable":true,"href":"https:\/\/colchoneselencanto.com.co\/index.php?rest_route=%2Fwp%2Fv2%2Fproduct_cat&post=2297"},{"taxonomy":"product_tag","embeddable":true,"href":"https:\/\/colchoneselencanto.com.co\/index.php?rest_route=%2Fwp%2Fv2%2Fproduct_tag&post=2297"}],"curies":[{"name":"wp","href":"https:\/\/api.w.org\/{rel}","templated":true}]}}