{"id":2285,"date":"2022-03-31T02:54:58","date_gmt":"2022-03-31T07:54:58","guid":{"rendered":"https:\/\/colchoneselencanto.com.co\/?post_type=product&#038;p=2285"},"modified":"2022-08-17T00:46:16","modified_gmt":"2022-08-17T05:46:16","slug":"colchoneta-romantica-100","status":"publish","type":"product","link":"https:\/\/colchoneselencanto.com.co\/?product=colchoneta-romantica-100","title":{"rendered":"Colchoneta Rom\u00e1ntica 100"},"content":{"rendered":"<p style=\"text-align: justify;\"><strong>Mejore su descanso!<\/strong><\/p>\n<p style=\"text-align: justify;\">Nuestro nueva colcheta rom\u00e1ntica seguramente har\u00e1 que cada d\u00eda y cada noche sea una sensaci\u00f3n de descanso,\u00a0 ensue\u00f1o y reparaci\u00f3n. Es una colchoneta de cama de 10 cm de espesor, de larga duraci\u00f3n. Esta hecha de fibras largas peinadas de algod\u00f3n y poliester, un suave soporte que induce al sue\u00f1o para mayor comodidad, con una cubierta externa decorativa lavable. Es comodidad acogedora en extremo confort que lleva el lujo y la simplicidad a un nivel superior.<\/p>\n<p style=\"text-align: justify;\">Al aplicar entre un 5 y un 10 % de poli\u00e9ster a nuestro algod\u00f3n, garantizamos una mayor densidad y grosor de nuestros futones en comparaci\u00f3n con la ropa de cama tradicional de los futones japoneses. Sin embargo, todav\u00eda hereda todas las buenas cualidades de un fut\u00f3n japon\u00e9s tradicional. Este fut\u00f3n le brindar\u00e1 una firme comodidad para dormir. El algod\u00f3n del fut\u00f3n se ajustar\u00e1 a tu cuerpo y lo sostendr\u00e1.<\/p>\n<p style=\"text-align: justify;\">Los colchones tipo fut\u00f3n son apreciados en todo el mundo por su gran versatilidad. En los futones japoneses, normalmente se extienden sobre suelos de tatami por la noche para dormir. Por supuesto, tambi\u00e9n se pueden utilizar muy bien en camas con listones o bases de madera convertibles que ahorran espacio como nuestros\u00a0 sof\u00e1s cama.<\/p>\n","protected":false},"excerpt":{"rendered":"<div class=\"short-description\">\n<div class=\"std\" style=\"text-align: justify;\">Colch\u00f3neta tipo fut\u00f3n, compuesta de fibras largas peinadas de algod\u00f3n y poliester, diez centimetros de espesor, suave soporte que induce al sue\u00f1o para mayor comodidad. Dimensiones: 100 x 200 x 10 cm (Ancho\/Largo\/Espesor)<\/div>\n<div><\/div>\n<\/div>\n","protected":false},"featured_media":2281,"comment_status":"open","ping_status":"closed","template":"","meta":[],"product_brand":[],"product_cat":[69,42],"product_tag":[191,189],"class_list":{"0":"post-2285","1":"product","2":"type-product","3":"status-publish","4":"has-post-thumbnail","6":"product_cat-colchones","7":"product_cat-futones","8":"product_tag-colchones","9":"product_tag-colchonetas","11":"first","12":"instock","13":"shipping-taxable","14":"purchasable","15":"product-type-simple"},"yoast_head":"<!-- This site is optimized with the Yoast SEO Premium plugin v19.1 (Yoast SEO v27.2) - https:\/\/yoast.com\/product\/yoast-seo-premium-wordpress\/ -->\n<title>Colchoneta Rom\u00e1ntica 100 - Colchones El Encanto &gt; Ergonom\u00eda y Confort<\/title>\n<meta name=\"robots\" content=\"index, follow, max-snippet:-1, max-image-preview:large, max-video-preview:-1\" \/>\n<link rel=\"canonical\" href=\"https:\/\/colchoneselencanto.com.co\/?product=colchoneta-romantica-100\" \/>\n<meta property=\"og:locale\" content=\"es_ES\" \/>\n<meta property=\"og:type\" content=\"article\" \/>\n<meta property=\"og:title\" content=\"Colchoneta Rom\u00e1ntica 100\" \/>\n<meta property=\"og:description\" content=\"Colch\u00f3neta tipo fut\u00f3n, compuesta de fibras largas peinadas de algod\u00f3n y poliester, diez centimetros de espesor, suave soporte que induce al sue\u00f1o para mayor comodidad. Dimensiones: 100 x 200 x 10 cm (Ancho\/Largo\/Espesor)\" \/>\n<meta property=\"og:url\" content=\"https:\/\/colchoneselencanto.com.co\/?product=colchoneta-romantica-100\" \/>\n<meta property=\"og:site_name\" content=\"Colchones El Encanto &gt; Ergonom\u00eda y Confort\" \/>\n<meta property=\"article:modified_time\" content=\"2022-08-17T05:46:16+00:00\" \/>\n<meta property=\"og:image\" content=\"https:\/\/colchoneselencanto.com.co\/wp-content\/uploads\/2022\/03\/colchoneta-romantica-100-200.jpg\" \/>\n\t<meta property=\"og:image:width\" content=\"1800\" \/>\n\t<meta property=\"og:image:height\" content=\"1178\" \/>\n\t<meta property=\"og:image:type\" content=\"image\/jpeg\" \/>\n<meta name=\"twitter:card\" content=\"summary_large_image\" \/>\n<meta name=\"twitter:label1\" content=\"Precio\" \/>\n\t<meta name=\"twitter:data1\" content=\"$550,000.00\" \/>\n\t<meta name=\"twitter:label2\" content=\"Availability\" \/>\n\t<meta name=\"twitter:data2\" content=\"In stock\" \/>\n<script type=\"application\/ld+json\" class=\"yoast-schema-graph\">{\"@context\":\"https:\/\/schema.org\",\"@graph\":[{\"@type\":\"WebPage\",\"@id\":\"https:\/\/colchoneselencanto.com.co\/?product=colchoneta-romantica-100\",\"url\":\"https:\/\/colchoneselencanto.com.co\/?product=colchoneta-romantica-100\",\"name\":\"Colchoneta Rom\u00e1ntica 100 - Colchones El Encanto &gt; Ergonom\u00eda y Confort\",\"isPartOf\":{\"@id\":\"https:\/\/colchoneselencanto.com.co\/#website\"},\"primaryImageOfPage\":{\"@id\":\"https:\/\/colchoneselencanto.com.co\/?product=colchoneta-romantica-100#primaryimage\"},\"image\":{\"@id\":\"https:\/\/colchoneselencanto.com.co\/?product=colchoneta-romantica-100#primaryimage\"},\"thumbnailUrl\":\"https:\/\/colchoneselencanto.com.co\/wp-content\/uploads\/2022\/03\/colchoneta-romantica-100-200.jpg\",\"datePublished\":\"2022-03-31T07:54:58+00:00\",\"dateModified\":\"2022-08-17T05:46:16+00:00\",\"breadcrumb\":{\"@id\":\"https:\/\/colchoneselencanto.com.co\/?product=colchoneta-romantica-100#breadcrumb\"},\"inLanguage\":\"es-CO\",\"potentialAction\":[{\"@type\":\"ReadAction\",\"target\":[\"https:\/\/colchoneselencanto.com.co\/?product=colchoneta-romantica-100\"]}]},{\"@type\":\"ImageObject\",\"inLanguage\":\"es-CO\",\"@id\":\"https:\/\/colchoneselencanto.com.co\/?product=colchoneta-romantica-100#primaryimage\",\"url\":\"https:\/\/colchoneselencanto.com.co\/wp-content\/uploads\/2022\/03\/colchoneta-romantica-100-200.jpg\",\"contentUrl\":\"https:\/\/colchoneselencanto.com.co\/wp-content\/uploads\/2022\/03\/colchoneta-romantica-100-200.jpg\",\"width\":1800,\"height\":1178,\"caption\":\"Colchoneta Rom\u00e1ntica tipo Fut\u00f3n 100 x 200 cm\"},{\"@type\":\"BreadcrumbList\",\"@id\":\"https:\/\/colchoneselencanto.com.co\/?product=colchoneta-romantica-100#breadcrumb\",\"itemListElement\":[{\"@type\":\"ListItem\",\"position\":1,\"name\":\"Inicio\",\"item\":\"https:\/\/colchoneselencanto.com.co\/\"},{\"@type\":\"ListItem\",\"position\":2,\"name\":\"Tienda\",\"item\":\"https:\/\/colchoneselencanto.com.co\/?page_id=5\"},{\"@type\":\"ListItem\",\"position\":3,\"name\":\"Colchoneta Rom\u00e1ntica 100\"}]},{\"@type\":\"WebSite\",\"@id\":\"https:\/\/colchoneselencanto.com.co\/#website\",\"url\":\"https:\/\/colchoneselencanto.com.co\/\",\"name\":\"Colchones El Encanto &gt; Ergonom\u00eda y Confort\",\"description\":\"Fabricaci\u00f3n y venta de colchones, futones, camas, sof\u00e1s cama, muebles flexibles y plegables como sillones, con colch\u00f3n tipo fut\u00f3n japon\u00e9s. Especializados en materias primas como las fibras largas de algod\u00f3n peinado y maderas solidas de pino.\",\"publisher\":{\"@id\":\"https:\/\/colchoneselencanto.com.co\/#organization\"},\"potentialAction\":[{\"@type\":\"SearchAction\",\"target\":{\"@type\":\"EntryPoint\",\"urlTemplate\":\"https:\/\/colchoneselencanto.com.co\/?s={search_term_string}\"},\"query-input\":{\"@type\":\"PropertyValueSpecification\",\"valueRequired\":true,\"valueName\":\"search_term_string\"}}],\"inLanguage\":\"es-CO\"},{\"@type\":\"Organization\",\"@id\":\"https:\/\/colchoneselencanto.com.co\/#organization\",\"name\":\"Colchones El Encanto &gt; Ergonom\u00eda y Confort\",\"url\":\"https:\/\/colchoneselencanto.com.co\/\",\"logo\":{\"@type\":\"ImageObject\",\"inLanguage\":\"es-CO\",\"@id\":\"https:\/\/colchoneselencanto.com.co\/#\/schema\/logo\/image\/\",\"url\":\"https:\/\/colchoneselencanto.com.co\/wp-content\/uploads\/2022\/01\/logo2.png\",\"contentUrl\":\"https:\/\/colchoneselencanto.com.co\/wp-content\/uploads\/2022\/01\/logo2.png\",\"width\":237,\"height\":63,\"caption\":\"Colchones El Encanto &gt; Ergonom\u00eda y Confort\"},\"image\":{\"@id\":\"https:\/\/colchoneselencanto.com.co\/#\/schema\/logo\/image\/\"}}]}<\/script>\n<meta property=\"product:price:amount\" content=\"550000.00\" \/>\n<meta property=\"product:price:currency\" content=\"COP\" \/>\n<meta property=\"og:availability\" content=\"instock\" \/>\n<meta property=\"product:availability\" content=\"instock\" \/>\n<meta property=\"product:retailer_item_id\" content=\"CRE01-100\" \/>\n<meta property=\"product:condition\" content=\"new\" \/>\n<!-- \/ Yoast SEO Premium plugin. -->","yoast_head_json":{"title":"Colchoneta Rom\u00e1ntica 100 - Colchones El Encanto &gt; Ergonom\u00eda y Confort","robots":{"index":"index","follow":"follow","max-snippet":"max-snippet:-1","max-image-preview":"max-image-preview:large","max-video-preview":"max-video-preview:-1"},"canonical":"https:\/\/colchoneselencanto.com.co\/?product=colchoneta-romantica-100","og_locale":"es_ES","og_type":"article","og_title":"Colchoneta Rom\u00e1ntica 100","og_description":"Colch\u00f3neta tipo fut\u00f3n, compuesta de fibras largas peinadas de algod\u00f3n y poliester, diez centimetros de espesor, suave soporte que induce al sue\u00f1o para mayor comodidad. Dimensiones: 100 x 200 x 10 cm (Ancho\/Largo\/Espesor)","og_url":"https:\/\/colchoneselencanto.com.co\/?product=colchoneta-romantica-100","og_site_name":"Colchones El Encanto &gt; Ergonom\u00eda y Confort","article_modified_time":"2022-08-17T05:46:16+00:00","og_image":[{"width":1800,"height":1178,"url":"https:\/\/colchoneselencanto.com.co\/wp-content\/uploads\/2022\/03\/colchoneta-romantica-100-200.jpg","type":"image\/jpeg"}],"twitter_card":"summary_large_image","twitter_misc":{"Precio":"$550,000.00","Availability":"In stock"},"schema":{"@context":"https:\/\/schema.org","@graph":[{"@type":"WebPage","@id":"https:\/\/colchoneselencanto.com.co\/?product=colchoneta-romantica-100","url":"https:\/\/colchoneselencanto.com.co\/?product=colchoneta-romantica-100","name":"Colchoneta Rom\u00e1ntica 100 - Colchones El Encanto &gt; Ergonom\u00eda y Confort","isPartOf":{"@id":"https:\/\/colchoneselencanto.com.co\/#website"},"primaryImageOfPage":{"@id":"https:\/\/colchoneselencanto.com.co\/?product=colchoneta-romantica-100#primaryimage"},"image":{"@id":"https:\/\/colchoneselencanto.com.co\/?product=colchoneta-romantica-100#primaryimage"},"thumbnailUrl":"https:\/\/colchoneselencanto.com.co\/wp-content\/uploads\/2022\/03\/colchoneta-romantica-100-200.jpg","datePublished":"2022-03-31T07:54:58+00:00","dateModified":"2022-08-17T05:46:16+00:00","breadcrumb":{"@id":"https:\/\/colchoneselencanto.com.co\/?product=colchoneta-romantica-100#breadcrumb"},"inLanguage":"es-CO","potentialAction":[{"@type":"ReadAction","target":["https:\/\/colchoneselencanto.com.co\/?product=colchoneta-romantica-100"]}]},{"@type":"ImageObject","inLanguage":"es-CO","@id":"https:\/\/colchoneselencanto.com.co\/?product=colchoneta-romantica-100#primaryimage","url":"https:\/\/colchoneselencanto.com.co\/wp-content\/uploads\/2022\/03\/colchoneta-romantica-100-200.jpg","contentUrl":"https:\/\/colchoneselencanto.com.co\/wp-content\/uploads\/2022\/03\/colchoneta-romantica-100-200.jpg","width":1800,"height":1178,"caption":"Colchoneta Rom\u00e1ntica tipo Fut\u00f3n 100 x 200 cm"},{"@type":"BreadcrumbList","@id":"https:\/\/colchoneselencanto.com.co\/?product=colchoneta-romantica-100#breadcrumb","itemListElement":[{"@type":"ListItem","position":1,"name":"Inicio","item":"https:\/\/colchoneselencanto.com.co\/"},{"@type":"ListItem","position":2,"name":"Tienda","item":"https:\/\/colchoneselencanto.com.co\/?page_id=5"},{"@type":"ListItem","position":3,"name":"Colchoneta Rom\u00e1ntica 100"}]},{"@type":"WebSite","@id":"https:\/\/colchoneselencanto.com.co\/#website","url":"https:\/\/colchoneselencanto.com.co\/","name":"Colchones El Encanto &gt; Ergonom\u00eda y Confort","description":"Fabricaci\u00f3n y venta de colchones, futones, camas, sof\u00e1s cama, muebles flexibles y plegables como sillones, con colch\u00f3n tipo fut\u00f3n japon\u00e9s. Especializados en materias primas como las fibras largas de algod\u00f3n peinado y maderas solidas de pino.","publisher":{"@id":"https:\/\/colchoneselencanto.com.co\/#organization"},"potentialAction":[{"@type":"SearchAction","target":{"@type":"EntryPoint","urlTemplate":"https:\/\/colchoneselencanto.com.co\/?s={search_term_string}"},"query-input":{"@type":"PropertyValueSpecification","valueRequired":true,"valueName":"search_term_string"}}],"inLanguage":"es-CO"},{"@type":"Organization","@id":"https:\/\/colchoneselencanto.com.co\/#organization","name":"Colchones El Encanto &gt; Ergonom\u00eda y Confort","url":"https:\/\/colchoneselencanto.com.co\/","logo":{"@type":"ImageObject","inLanguage":"es-CO","@id":"https:\/\/colchoneselencanto.com.co\/#\/schema\/logo\/image\/","url":"https:\/\/colchoneselencanto.com.co\/wp-content\/uploads\/2022\/01\/logo2.png","contentUrl":"https:\/\/colchoneselencanto.com.co\/wp-content\/uploads\/2022\/01\/logo2.png","width":237,"height":63,"caption":"Colchones El Encanto &gt; Ergonom\u00eda y Confort"},"image":{"@id":"https:\/\/colchoneselencanto.com.co\/#\/schema\/logo\/image\/"}}]},"product_price_amount":"550000.00","product_price_currency":"COP","og_availability":"instock","product_availability":"instock","product_retailer_item_id":"CRE01-100","product_condition":"new"},"_links":{"self":[{"href":"https:\/\/colchoneselencanto.com.co\/index.php?rest_route=\/wp\/v2\/product\/2285","targetHints":{"allow":["GET"]}}],"collection":[{"href":"https:\/\/colchoneselencanto.com.co\/index.php?rest_route=\/wp\/v2\/product"}],"about":[{"href":"https:\/\/colchoneselencanto.com.co\/index.php?rest_route=\/wp\/v2\/types\/product"}],"replies":[{"embeddable":true,"href":"https:\/\/colchoneselencanto.com.co\/index.php?rest_route=%2Fwp%2Fv2%2Fcomments&post=2285"}],"wp:featuredmedia":[{"embeddable":true,"href":"https:\/\/colchoneselencanto.com.co\/index.php?rest_route=\/wp\/v2\/media\/2281"}],"wp:attachment":[{"href":"https:\/\/colchoneselencanto.com.co\/index.php?rest_route=%2Fwp%2Fv2%2Fmedia&parent=2285"}],"wp:term":[{"taxonomy":"product_brand","embeddable":true,"href":"https:\/\/colchoneselencanto.com.co\/index.php?rest_route=%2Fwp%2Fv2%2Fproduct_brand&post=2285"},{"taxonomy":"product_cat","embeddable":true,"href":"https:\/\/colchoneselencanto.com.co\/index.php?rest_route=%2Fwp%2Fv2%2Fproduct_cat&post=2285"},{"taxonomy":"product_tag","embeddable":true,"href":"https:\/\/colchoneselencanto.com.co\/index.php?rest_route=%2Fwp%2Fv2%2Fproduct_tag&post=2285"}],"curies":[{"name":"wp","href":"https:\/\/api.w.org\/{rel}","templated":true}]}}