{"id":2190,"date":"2022-05-20T20:44:12","date_gmt":"2022-05-21T01:44:12","guid":{"rendered":"https:\/\/colchoneselencanto.com.co\/?post_type=product&#038;p=2190"},"modified":"2022-09-13T14:31:03","modified_gmt":"2022-09-13T19:31:03","slug":"sofa-cama-noche-y-dia-90","status":"publish","type":"product","link":"https:\/\/colchoneselencanto.com.co\/?product=sofa-cama-noche-y-dia-90","title":{"rendered":"Sof\u00e1 Cama Noche y D\u00eda 90"},"content":{"rendered":"<p style=\"text-align: justify;\">Tanto si se emplea como sof\u00e1 o como cama, nuestro fut\u00f3n es pr\u00e1ctico, funcional y confortable, est\u00e1 hecha de pino resistente, con la posibilidad de levantar un c\u00f3modo respaldo en el que puede recostarse y recargarse de\u00a0 energ\u00eda.<\/p>\n<p style=\"text-align: justify;\">Puede ser su cama ideal para invitados, gracias a su tama\u00f1o y atractivo dise\u00f1o es un complemento que se adapta a gran variedad de espacios; es ideal para apartaestudios, estaci\u00f3nes de trabajo, habitaciones, salas, terrazas, etc,.<\/p>\n<p style=\"text-align: justify;\">Gracias a su acabado, puede te\u00f1irla o pintarla del color que desee. Como muchos de nuestros clientes satisfechos, tambi\u00e9n puede disfrutar de su tono natural de madera\u00a0 y dejarlo al descubierto. \u00a0Ser\u00e1 un accesorio resistente en su hogar durante los pr\u00f3ximos a\u00f1os.<\/p>\n<p style=\"text-align: justify;\">Las caracter\u00edsticas del colch\u00f3n lo vuelven ideal para personas con problemas musculares, dolores cr\u00f3nicos e incluso para quienes se encuentran atravesando el periodo de recuperaci\u00f3n tras una operaci\u00f3n quir\u00fargica, por ejemplo. Para los pacientes que deben permanecer postrados durante largo tiempo.<\/p>\n","protected":false},"excerpt":{"rendered":"<div class=\"short-description\">\n<div class=\"std\">\n<div class=\"product-description\">\n<div class=\"product-description\">\n<div class=\"product-description\">\n<div class=\"product-description\">\n<p style=\"text-align: justify;\">Solida estructura en pino, espaldar reclinable y articulada en las piernas, ajustable en 15 posiciones diferentes. Dise\u00f1ado pensado en quienes permanecen m\u00e1s tiempo en cama. Pr\u00e1ctico, funcional y confortable. Incluye colch\u00f3n japon\u00e9s.<\/p>\n<\/div>\n<div class=\"product-summary-bottom clearfix\"><\/div>\n<\/div>\n<div class=\"product-summary-bottom clearfix\"><\/div>\n<\/div>\n<div class=\"product-summary-bottom clearfix\"><\/div>\n<\/div>\n<div class=\"product-summary-bottom clearfix\"><\/div>\n<\/div>\n<\/div>\n","protected":false},"featured_media":1904,"comment_status":"open","ping_status":"closed","template":"","meta":[],"product_brand":[],"product_cat":[88,69,42,82],"product_tag":[],"class_list":{"0":"post-2190","1":"product","2":"type-product","3":"status-publish","4":"has-post-thumbnail","6":"product_cat-camas","7":"product_cat-colchones","8":"product_cat-futones","9":"product_cat-sofas","11":"first","12":"instock","13":"shipping-taxable","14":"purchasable","15":"product-type-simple"},"yoast_head":"<!-- This site is optimized with the Yoast SEO Premium plugin v19.1 (Yoast SEO v27.2) - https:\/\/yoast.com\/product\/yoast-seo-premium-wordpress\/ -->\n<title>Sof\u00e1 Cama Noche y D\u00eda 90 - Colchones El Encanto &gt; Ergonom\u00eda y Confort<\/title>\n<meta name=\"robots\" content=\"index, follow, max-snippet:-1, max-image-preview:large, max-video-preview:-1\" \/>\n<link rel=\"canonical\" href=\"https:\/\/colchoneselencanto.com.co\/?product=sofa-cama-noche-y-dia-90\" \/>\n<meta property=\"og:locale\" content=\"es_ES\" \/>\n<meta property=\"og:type\" content=\"article\" \/>\n<meta property=\"og:title\" content=\"Sof\u00e1 Cama Noche y D\u00eda 90\" \/>\n<meta property=\"og:description\" content=\"Solida estructura en pino, espaldar reclinable y articulada en las piernas, ajustable en 15 posiciones diferentes. Dise\u00f1ado pensado en quienes permanecen m\u00e1s tiempo en cama. Pr\u00e1ctico, funcional y confortable. Incluye colch\u00f3n japon\u00e9s.\" \/>\n<meta property=\"og:url\" content=\"https:\/\/colchoneselencanto.com.co\/?product=sofa-cama-noche-y-dia-90\" \/>\n<meta property=\"og:site_name\" content=\"Colchones El Encanto &gt; Ergonom\u00eda y Confort\" \/>\n<meta property=\"article:modified_time\" content=\"2022-09-13T19:31:03+00:00\" \/>\n<meta property=\"og:image\" content=\"https:\/\/colchoneselencanto.com.co\/wp-content\/uploads\/2022\/02\/dianoche-funda2.jpg\" \/>\n\t<meta property=\"og:image:width\" content=\"1800\" \/>\n\t<meta property=\"og:image:height\" content=\"1178\" \/>\n\t<meta property=\"og:image:type\" content=\"image\/jpeg\" \/>\n<meta name=\"twitter:card\" content=\"summary_large_image\" \/>\n<meta name=\"twitter:label1\" content=\"Precio\" \/>\n\t<meta name=\"twitter:data1\" content=\"$1,690,000.00\" \/>\n\t<meta name=\"twitter:label2\" content=\"Availability\" \/>\n\t<meta name=\"twitter:data2\" content=\"In stock\" \/>\n<script type=\"application\/ld+json\" class=\"yoast-schema-graph\">{\"@context\":\"https:\/\/schema.org\",\"@graph\":[{\"@type\":\"WebPage\",\"@id\":\"https:\/\/colchoneselencanto.com.co\/?product=sofa-cama-noche-y-dia-90\",\"url\":\"https:\/\/colchoneselencanto.com.co\/?product=sofa-cama-noche-y-dia-90\",\"name\":\"Sof\u00e1 Cama Noche y D\u00eda 90 - Colchones El Encanto &gt; Ergonom\u00eda y Confort\",\"isPartOf\":{\"@id\":\"https:\/\/colchoneselencanto.com.co\/#website\"},\"primaryImageOfPage\":{\"@id\":\"https:\/\/colchoneselencanto.com.co\/?product=sofa-cama-noche-y-dia-90#primaryimage\"},\"image\":{\"@id\":\"https:\/\/colchoneselencanto.com.co\/?product=sofa-cama-noche-y-dia-90#primaryimage\"},\"thumbnailUrl\":\"https:\/\/colchoneselencanto.com.co\/wp-content\/uploads\/2022\/02\/dianoche-funda2.jpg\",\"datePublished\":\"2022-05-21T01:44:12+00:00\",\"dateModified\":\"2022-09-13T19:31:03+00:00\",\"breadcrumb\":{\"@id\":\"https:\/\/colchoneselencanto.com.co\/?product=sofa-cama-noche-y-dia-90#breadcrumb\"},\"inLanguage\":\"es-CO\",\"potentialAction\":[{\"@type\":\"ReadAction\",\"target\":[\"https:\/\/colchoneselencanto.com.co\/?product=sofa-cama-noche-y-dia-90\"]}]},{\"@type\":\"ImageObject\",\"inLanguage\":\"es-CO\",\"@id\":\"https:\/\/colchoneselencanto.com.co\/?product=sofa-cama-noche-y-dia-90#primaryimage\",\"url\":\"https:\/\/colchoneselencanto.com.co\/wp-content\/uploads\/2022\/02\/dianoche-funda2.jpg\",\"contentUrl\":\"https:\/\/colchoneselencanto.com.co\/wp-content\/uploads\/2022\/02\/dianoche-funda2.jpg\",\"width\":1800,\"height\":1178},{\"@type\":\"BreadcrumbList\",\"@id\":\"https:\/\/colchoneselencanto.com.co\/?product=sofa-cama-noche-y-dia-90#breadcrumb\",\"itemListElement\":[{\"@type\":\"ListItem\",\"position\":1,\"name\":\"Inicio\",\"item\":\"https:\/\/colchoneselencanto.com.co\/\"},{\"@type\":\"ListItem\",\"position\":2,\"name\":\"Tienda\",\"item\":\"https:\/\/colchoneselencanto.com.co\/?page_id=5\"},{\"@type\":\"ListItem\",\"position\":3,\"name\":\"Sof\u00e1 Cama Noche y D\u00eda 90\"}]},{\"@type\":\"WebSite\",\"@id\":\"https:\/\/colchoneselencanto.com.co\/#website\",\"url\":\"https:\/\/colchoneselencanto.com.co\/\",\"name\":\"Colchones El Encanto &gt; Ergonom\u00eda y Confort\",\"description\":\"Fabricaci\u00f3n y venta de colchones, futones, camas, sof\u00e1s cama, muebles flexibles y plegables como sillones, con colch\u00f3n tipo fut\u00f3n japon\u00e9s. Especializados en materias primas como las fibras largas de algod\u00f3n peinado y maderas solidas de pino.\",\"publisher\":{\"@id\":\"https:\/\/colchoneselencanto.com.co\/#organization\"},\"potentialAction\":[{\"@type\":\"SearchAction\",\"target\":{\"@type\":\"EntryPoint\",\"urlTemplate\":\"https:\/\/colchoneselencanto.com.co\/?s={search_term_string}\"},\"query-input\":{\"@type\":\"PropertyValueSpecification\",\"valueRequired\":true,\"valueName\":\"search_term_string\"}}],\"inLanguage\":\"es-CO\"},{\"@type\":\"Organization\",\"@id\":\"https:\/\/colchoneselencanto.com.co\/#organization\",\"name\":\"Colchones El Encanto &gt; Ergonom\u00eda y Confort\",\"url\":\"https:\/\/colchoneselencanto.com.co\/\",\"logo\":{\"@type\":\"ImageObject\",\"inLanguage\":\"es-CO\",\"@id\":\"https:\/\/colchoneselencanto.com.co\/#\/schema\/logo\/image\/\",\"url\":\"https:\/\/colchoneselencanto.com.co\/wp-content\/uploads\/2022\/01\/logo2.png\",\"contentUrl\":\"https:\/\/colchoneselencanto.com.co\/wp-content\/uploads\/2022\/01\/logo2.png\",\"width\":237,\"height\":63,\"caption\":\"Colchones El Encanto &gt; Ergonom\u00eda y Confort\"},\"image\":{\"@id\":\"https:\/\/colchoneselencanto.com.co\/#\/schema\/logo\/image\/\"}}]}<\/script>\n<meta property=\"product:price:amount\" content=\"1690000.00\" \/>\n<meta property=\"product:price:currency\" content=\"COP\" \/>\n<meta property=\"og:availability\" content=\"instock\" \/>\n<meta property=\"product:availability\" content=\"instock\" \/>\n<meta property=\"product:retailer_item_id\" content=\"SCNDE-90\" \/>\n<meta property=\"product:condition\" content=\"new\" \/>\n<!-- \/ Yoast SEO Premium plugin. -->","yoast_head_json":{"title":"Sof\u00e1 Cama Noche y D\u00eda 90 - Colchones El Encanto &gt; Ergonom\u00eda y Confort","robots":{"index":"index","follow":"follow","max-snippet":"max-snippet:-1","max-image-preview":"max-image-preview:large","max-video-preview":"max-video-preview:-1"},"canonical":"https:\/\/colchoneselencanto.com.co\/?product=sofa-cama-noche-y-dia-90","og_locale":"es_ES","og_type":"article","og_title":"Sof\u00e1 Cama Noche y D\u00eda 90","og_description":"Solida estructura en pino, espaldar reclinable y articulada en las piernas, ajustable en 15 posiciones diferentes. Dise\u00f1ado pensado en quienes permanecen m\u00e1s tiempo en cama. Pr\u00e1ctico, funcional y confortable. Incluye colch\u00f3n japon\u00e9s.","og_url":"https:\/\/colchoneselencanto.com.co\/?product=sofa-cama-noche-y-dia-90","og_site_name":"Colchones El Encanto &gt; Ergonom\u00eda y Confort","article_modified_time":"2022-09-13T19:31:03+00:00","og_image":[{"width":1800,"height":1178,"url":"https:\/\/colchoneselencanto.com.co\/wp-content\/uploads\/2022\/02\/dianoche-funda2.jpg","type":"image\/jpeg"}],"twitter_card":"summary_large_image","twitter_misc":{"Precio":"$1,690,000.00","Availability":"In stock"},"schema":{"@context":"https:\/\/schema.org","@graph":[{"@type":"WebPage","@id":"https:\/\/colchoneselencanto.com.co\/?product=sofa-cama-noche-y-dia-90","url":"https:\/\/colchoneselencanto.com.co\/?product=sofa-cama-noche-y-dia-90","name":"Sof\u00e1 Cama Noche y D\u00eda 90 - Colchones El Encanto &gt; Ergonom\u00eda y Confort","isPartOf":{"@id":"https:\/\/colchoneselencanto.com.co\/#website"},"primaryImageOfPage":{"@id":"https:\/\/colchoneselencanto.com.co\/?product=sofa-cama-noche-y-dia-90#primaryimage"},"image":{"@id":"https:\/\/colchoneselencanto.com.co\/?product=sofa-cama-noche-y-dia-90#primaryimage"},"thumbnailUrl":"https:\/\/colchoneselencanto.com.co\/wp-content\/uploads\/2022\/02\/dianoche-funda2.jpg","datePublished":"2022-05-21T01:44:12+00:00","dateModified":"2022-09-13T19:31:03+00:00","breadcrumb":{"@id":"https:\/\/colchoneselencanto.com.co\/?product=sofa-cama-noche-y-dia-90#breadcrumb"},"inLanguage":"es-CO","potentialAction":[{"@type":"ReadAction","target":["https:\/\/colchoneselencanto.com.co\/?product=sofa-cama-noche-y-dia-90"]}]},{"@type":"ImageObject","inLanguage":"es-CO","@id":"https:\/\/colchoneselencanto.com.co\/?product=sofa-cama-noche-y-dia-90#primaryimage","url":"https:\/\/colchoneselencanto.com.co\/wp-content\/uploads\/2022\/02\/dianoche-funda2.jpg","contentUrl":"https:\/\/colchoneselencanto.com.co\/wp-content\/uploads\/2022\/02\/dianoche-funda2.jpg","width":1800,"height":1178},{"@type":"BreadcrumbList","@id":"https:\/\/colchoneselencanto.com.co\/?product=sofa-cama-noche-y-dia-90#breadcrumb","itemListElement":[{"@type":"ListItem","position":1,"name":"Inicio","item":"https:\/\/colchoneselencanto.com.co\/"},{"@type":"ListItem","position":2,"name":"Tienda","item":"https:\/\/colchoneselencanto.com.co\/?page_id=5"},{"@type":"ListItem","position":3,"name":"Sof\u00e1 Cama Noche y D\u00eda 90"}]},{"@type":"WebSite","@id":"https:\/\/colchoneselencanto.com.co\/#website","url":"https:\/\/colchoneselencanto.com.co\/","name":"Colchones El Encanto &gt; Ergonom\u00eda y Confort","description":"Fabricaci\u00f3n y venta de colchones, futones, camas, sof\u00e1s cama, muebles flexibles y plegables como sillones, con colch\u00f3n tipo fut\u00f3n japon\u00e9s. Especializados en materias primas como las fibras largas de algod\u00f3n peinado y maderas solidas de pino.","publisher":{"@id":"https:\/\/colchoneselencanto.com.co\/#organization"},"potentialAction":[{"@type":"SearchAction","target":{"@type":"EntryPoint","urlTemplate":"https:\/\/colchoneselencanto.com.co\/?s={search_term_string}"},"query-input":{"@type":"PropertyValueSpecification","valueRequired":true,"valueName":"search_term_string"}}],"inLanguage":"es-CO"},{"@type":"Organization","@id":"https:\/\/colchoneselencanto.com.co\/#organization","name":"Colchones El Encanto &gt; Ergonom\u00eda y Confort","url":"https:\/\/colchoneselencanto.com.co\/","logo":{"@type":"ImageObject","inLanguage":"es-CO","@id":"https:\/\/colchoneselencanto.com.co\/#\/schema\/logo\/image\/","url":"https:\/\/colchoneselencanto.com.co\/wp-content\/uploads\/2022\/01\/logo2.png","contentUrl":"https:\/\/colchoneselencanto.com.co\/wp-content\/uploads\/2022\/01\/logo2.png","width":237,"height":63,"caption":"Colchones El Encanto &gt; Ergonom\u00eda y Confort"},"image":{"@id":"https:\/\/colchoneselencanto.com.co\/#\/schema\/logo\/image\/"}}]},"product_price_amount":"1690000.00","product_price_currency":"COP","og_availability":"instock","product_availability":"instock","product_retailer_item_id":"SCNDE-90","product_condition":"new"},"_links":{"self":[{"href":"https:\/\/colchoneselencanto.com.co\/index.php?rest_route=\/wp\/v2\/product\/2190","targetHints":{"allow":["GET"]}}],"collection":[{"href":"https:\/\/colchoneselencanto.com.co\/index.php?rest_route=\/wp\/v2\/product"}],"about":[{"href":"https:\/\/colchoneselencanto.com.co\/index.php?rest_route=\/wp\/v2\/types\/product"}],"replies":[{"embeddable":true,"href":"https:\/\/colchoneselencanto.com.co\/index.php?rest_route=%2Fwp%2Fv2%2Fcomments&post=2190"}],"wp:featuredmedia":[{"embeddable":true,"href":"https:\/\/colchoneselencanto.com.co\/index.php?rest_route=\/wp\/v2\/media\/1904"}],"wp:attachment":[{"href":"https:\/\/colchoneselencanto.com.co\/index.php?rest_route=%2Fwp%2Fv2%2Fmedia&parent=2190"}],"wp:term":[{"taxonomy":"product_brand","embeddable":true,"href":"https:\/\/colchoneselencanto.com.co\/index.php?rest_route=%2Fwp%2Fv2%2Fproduct_brand&post=2190"},{"taxonomy":"product_cat","embeddable":true,"href":"https:\/\/colchoneselencanto.com.co\/index.php?rest_route=%2Fwp%2Fv2%2Fproduct_cat&post=2190"},{"taxonomy":"product_tag","embeddable":true,"href":"https:\/\/colchoneselencanto.com.co\/index.php?rest_route=%2Fwp%2Fv2%2Fproduct_tag&post=2190"}],"curies":[{"name":"wp","href":"https:\/\/api.w.org\/{rel}","templated":true}]}}