{"id":2170,"date":"2022-06-08T18:37:23","date_gmt":"2022-06-08T23:37:23","guid":{"rendered":"https:\/\/colchoneselencanto.com.co\/?post_type=product&#038;p=2170"},"modified":"2022-08-16T22:11:32","modified_gmt":"2022-08-17T03:11:32","slug":"futon-siesta","status":"publish","type":"product","link":"https:\/\/colchoneselencanto.com.co\/?product=futon-siesta","title":{"rendered":"Fut\u00f3n Siesta"},"content":{"rendered":"<p style=\"text-align: justify;\">Con los brazos hacia arriba, el Fut\u00f3n Siesta crea un espacio atractivo y acogedor para dos, con el colch\u00f3n fut\u00f3n de alta calidad, forma un acogedor nido de suavidad en el que sentarse.\u00a0\u00a0Con solo soltar uno de los brazos, tendr\u00e1s un sill\u00f3n con el espacio perfecto para poner los pies en alto en el que podr\u00e1 estirarse, mientras te sumerges en un libro. Descansa tranquilo, nuestro sof\u00e1 cama Siesta est\u00e1 fabricado con el material del que est\u00e1n hechos los sue\u00f1os.<\/p>\n<p style=\"text-align: justify;\">El colch\u00f3n fut\u00f3n ideal para el uso correcto del mueble es\u00a0 de 80 cm de hancho, por 200 cm de largo y 16 cm de grosor, tiene 4 capas de fibras peinadas de algod\u00f3n, mas 4 cm de Espuma de Poliester, es profundamente c\u00f3modo y descansa sobre un s\u00f3lido marco de Pino, con un juego de cojines de respaldo. \u00bfEl resultado? Un c\u00f3modo sof\u00e1 de dos plazas. Pero la magia no se detiene ah\u00ed. Lleve sus niveles de comodidad a un nivel superior simplemente ajustando ambos brazos hacia abajo a una posici\u00f3n horizontal, transformandolo en una sill\u00f3n o en una cama individual de cuerpo entero, invitandote tanto a dormir la siesta como a so\u00f1ar despierto y relajarse de verdad. Es como tener tres muebles en uno.<\/p>\n<p style=\"text-align: justify;\">Adicionalmente puedes agregar fundas decorativas lavables para el colch\u00f3n y los cojines, de colores a escoger.<\/p>\n<p style=\"text-align: justify;\">Para m\u00e1s informaci\u00f3n no dude en ponerse en contacto con nosotros por email o tel\u00e9fono.<\/p>\n<p style=\"text-align: justify;\">A continuaci\u00f3n mostramos un v\u00eddeo para su transformaci\u00f3n de sof\u00e1 a cama y viceversa:<\/p>\n","protected":false},"excerpt":{"rendered":"<div class=\"short-description\">\n<div class=\"std\">\n<div class=\"product-description\">\n<p style=\"text-align: justify;\">El Fut\u00f3n Siesta a\u00f1ade un toque de sencillez y ligereza a cualquier estancia en la que lo ubiques, como un sof\u00e1 de dos plazas que puede transformarse en cama, a ambos lados del sof\u00e1.\u00a0 Con un movimiento r\u00e1pido y sencillo al bajar los brazos obtendr\u00e1 un sill\u00f3n o una c\u00f3moda cama individual.<\/p>\n<\/div>\n<div class=\"product-summary-bottom clearfix\"><\/div>\n<\/div>\n<\/div>\n","protected":false},"featured_media":2176,"comment_status":"open","ping_status":"closed","template":"","meta":[],"product_brand":[],"product_cat":[92,88,69,42,82],"product_tag":[],"class_list":{"0":"post-2170","1":"product","2":"type-product","3":"status-publish","4":"has-post-thumbnail","6":"product_cat-bases","7":"product_cat-camas","8":"product_cat-colchones","9":"product_cat-futones","10":"product_cat-sofas","12":"first","13":"instock","14":"shipping-taxable","15":"purchasable","16":"product-type-simple"},"yoast_head":"<!-- This site is optimized with the Yoast SEO Premium plugin v19.1 (Yoast SEO v27.2) - https:\/\/yoast.com\/product\/yoast-seo-premium-wordpress\/ -->\n<title>Fut\u00f3n Siesta - Colchones El Encanto &gt; Ergonom\u00eda y Confort<\/title>\n<meta name=\"robots\" content=\"index, follow, max-snippet:-1, max-image-preview:large, max-video-preview:-1\" \/>\n<link rel=\"canonical\" href=\"https:\/\/colchoneselencanto.com.co\/?product=futon-siesta\" \/>\n<meta property=\"og:locale\" content=\"es_ES\" \/>\n<meta property=\"og:type\" content=\"article\" \/>\n<meta property=\"og:title\" content=\"Fut\u00f3n Siesta\" \/>\n<meta property=\"og:description\" content=\"El Fut\u00f3n Siesta a\u00f1ade un toque de sencillez y ligereza a cualquier estancia en la que lo ubiques, como un sof\u00e1 de dos plazas que puede transformarse en cama, a ambos lados del sof\u00e1.\u00a0 Con un movimiento r\u00e1pido y sencillo al bajar los brazos obtendr\u00e1 un sill\u00f3n o una c\u00f3moda cama individual.\" \/>\n<meta property=\"og:url\" content=\"https:\/\/colchoneselencanto.com.co\/?product=futon-siesta\" \/>\n<meta property=\"og:site_name\" content=\"Colchones El Encanto &gt; Ergonom\u00eda y Confort\" \/>\n<meta property=\"article:modified_time\" content=\"2022-08-17T03:11:32+00:00\" \/>\n<meta property=\"og:image\" content=\"https:\/\/colchoneselencanto.com.co\/wp-content\/uploads\/2022\/03\/futon-siesta-a1.jpg\" \/>\n\t<meta property=\"og:image:width\" content=\"1800\" \/>\n\t<meta property=\"og:image:height\" content=\"1178\" \/>\n\t<meta property=\"og:image:type\" content=\"image\/jpeg\" \/>\n<meta name=\"twitter:card\" content=\"summary_large_image\" \/>\n<meta name=\"twitter:label1\" content=\"Precio\" \/>\n\t<meta name=\"twitter:data1\" content=\"$1,690,000.00\" \/>\n\t<meta name=\"twitter:label2\" content=\"Availability\" \/>\n\t<meta name=\"twitter:data2\" content=\"In stock\" \/>\n<script type=\"application\/ld+json\" class=\"yoast-schema-graph\">{\"@context\":\"https:\/\/schema.org\",\"@graph\":[{\"@type\":\"WebPage\",\"@id\":\"https:\/\/colchoneselencanto.com.co\/?product=futon-siesta\",\"url\":\"https:\/\/colchoneselencanto.com.co\/?product=futon-siesta\",\"name\":\"Fut\u00f3n Siesta - Colchones El Encanto &gt; Ergonom\u00eda y Confort\",\"isPartOf\":{\"@id\":\"https:\/\/colchoneselencanto.com.co\/#website\"},\"primaryImageOfPage\":{\"@id\":\"https:\/\/colchoneselencanto.com.co\/?product=futon-siesta#primaryimage\"},\"image\":{\"@id\":\"https:\/\/colchoneselencanto.com.co\/?product=futon-siesta#primaryimage\"},\"thumbnailUrl\":\"https:\/\/colchoneselencanto.com.co\/wp-content\/uploads\/2022\/03\/futon-siesta-a1.jpg\",\"datePublished\":\"2022-06-08T23:37:23+00:00\",\"dateModified\":\"2022-08-17T03:11:32+00:00\",\"breadcrumb\":{\"@id\":\"https:\/\/colchoneselencanto.com.co\/?product=futon-siesta#breadcrumb\"},\"inLanguage\":\"es-CO\",\"potentialAction\":[{\"@type\":\"ReadAction\",\"target\":[\"https:\/\/colchoneselencanto.com.co\/?product=futon-siesta\"]}]},{\"@type\":\"ImageObject\",\"inLanguage\":\"es-CO\",\"@id\":\"https:\/\/colchoneselencanto.com.co\/?product=futon-siesta#primaryimage\",\"url\":\"https:\/\/colchoneselencanto.com.co\/wp-content\/uploads\/2022\/03\/futon-siesta-a1.jpg\",\"contentUrl\":\"https:\/\/colchoneselencanto.com.co\/wp-content\/uploads\/2022\/03\/futon-siesta-a1.jpg\",\"width\":1800,\"height\":1178,\"caption\":\"Fut\u00f3n Siesta\"},{\"@type\":\"BreadcrumbList\",\"@id\":\"https:\/\/colchoneselencanto.com.co\/?product=futon-siesta#breadcrumb\",\"itemListElement\":[{\"@type\":\"ListItem\",\"position\":1,\"name\":\"Inicio\",\"item\":\"https:\/\/colchoneselencanto.com.co\/\"},{\"@type\":\"ListItem\",\"position\":2,\"name\":\"Tienda\",\"item\":\"https:\/\/colchoneselencanto.com.co\/?page_id=5\"},{\"@type\":\"ListItem\",\"position\":3,\"name\":\"Fut\u00f3n Siesta\"}]},{\"@type\":\"WebSite\",\"@id\":\"https:\/\/colchoneselencanto.com.co\/#website\",\"url\":\"https:\/\/colchoneselencanto.com.co\/\",\"name\":\"Colchones El Encanto &gt; Ergonom\u00eda y Confort\",\"description\":\"Fabricaci\u00f3n y venta de colchones, futones, camas, sof\u00e1s cama, muebles flexibles y plegables como sillones, con colch\u00f3n tipo fut\u00f3n japon\u00e9s. Especializados en materias primas como las fibras largas de algod\u00f3n peinado y maderas solidas de pino.\",\"publisher\":{\"@id\":\"https:\/\/colchoneselencanto.com.co\/#organization\"},\"potentialAction\":[{\"@type\":\"SearchAction\",\"target\":{\"@type\":\"EntryPoint\",\"urlTemplate\":\"https:\/\/colchoneselencanto.com.co\/?s={search_term_string}\"},\"query-input\":{\"@type\":\"PropertyValueSpecification\",\"valueRequired\":true,\"valueName\":\"search_term_string\"}}],\"inLanguage\":\"es-CO\"},{\"@type\":\"Organization\",\"@id\":\"https:\/\/colchoneselencanto.com.co\/#organization\",\"name\":\"Colchones El Encanto &gt; Ergonom\u00eda y Confort\",\"url\":\"https:\/\/colchoneselencanto.com.co\/\",\"logo\":{\"@type\":\"ImageObject\",\"inLanguage\":\"es-CO\",\"@id\":\"https:\/\/colchoneselencanto.com.co\/#\/schema\/logo\/image\/\",\"url\":\"https:\/\/colchoneselencanto.com.co\/wp-content\/uploads\/2022\/01\/logo2.png\",\"contentUrl\":\"https:\/\/colchoneselencanto.com.co\/wp-content\/uploads\/2022\/01\/logo2.png\",\"width\":237,\"height\":63,\"caption\":\"Colchones El Encanto &gt; Ergonom\u00eda y Confort\"},\"image\":{\"@id\":\"https:\/\/colchoneselencanto.com.co\/#\/schema\/logo\/image\/\"}}]}<\/script>\n<meta property=\"product:price:amount\" content=\"1690000.00\" \/>\n<meta property=\"product:price:currency\" content=\"COP\" \/>\n<meta property=\"og:availability\" content=\"instock\" \/>\n<meta property=\"product:availability\" content=\"instock\" \/>\n<meta property=\"product:retailer_item_id\" content=\"FSE-80\" \/>\n<meta property=\"product:condition\" content=\"new\" \/>\n<!-- \/ Yoast SEO Premium plugin. -->","yoast_head_json":{"title":"Fut\u00f3n Siesta - Colchones El Encanto &gt; Ergonom\u00eda y Confort","robots":{"index":"index","follow":"follow","max-snippet":"max-snippet:-1","max-image-preview":"max-image-preview:large","max-video-preview":"max-video-preview:-1"},"canonical":"https:\/\/colchoneselencanto.com.co\/?product=futon-siesta","og_locale":"es_ES","og_type":"article","og_title":"Fut\u00f3n Siesta","og_description":"El Fut\u00f3n Siesta a\u00f1ade un toque de sencillez y ligereza a cualquier estancia en la que lo ubiques, como un sof\u00e1 de dos plazas que puede transformarse en cama, a ambos lados del sof\u00e1.\u00a0 Con un movimiento r\u00e1pido y sencillo al bajar los brazos obtendr\u00e1 un sill\u00f3n o una c\u00f3moda cama individual.","og_url":"https:\/\/colchoneselencanto.com.co\/?product=futon-siesta","og_site_name":"Colchones El Encanto &gt; Ergonom\u00eda y Confort","article_modified_time":"2022-08-17T03:11:32+00:00","og_image":[{"width":1800,"height":1178,"url":"https:\/\/colchoneselencanto.com.co\/wp-content\/uploads\/2022\/03\/futon-siesta-a1.jpg","type":"image\/jpeg"}],"twitter_card":"summary_large_image","twitter_misc":{"Precio":"$1,690,000.00","Availability":"In stock"},"schema":{"@context":"https:\/\/schema.org","@graph":[{"@type":"WebPage","@id":"https:\/\/colchoneselencanto.com.co\/?product=futon-siesta","url":"https:\/\/colchoneselencanto.com.co\/?product=futon-siesta","name":"Fut\u00f3n Siesta - Colchones El Encanto &gt; Ergonom\u00eda y Confort","isPartOf":{"@id":"https:\/\/colchoneselencanto.com.co\/#website"},"primaryImageOfPage":{"@id":"https:\/\/colchoneselencanto.com.co\/?product=futon-siesta#primaryimage"},"image":{"@id":"https:\/\/colchoneselencanto.com.co\/?product=futon-siesta#primaryimage"},"thumbnailUrl":"https:\/\/colchoneselencanto.com.co\/wp-content\/uploads\/2022\/03\/futon-siesta-a1.jpg","datePublished":"2022-06-08T23:37:23+00:00","dateModified":"2022-08-17T03:11:32+00:00","breadcrumb":{"@id":"https:\/\/colchoneselencanto.com.co\/?product=futon-siesta#breadcrumb"},"inLanguage":"es-CO","potentialAction":[{"@type":"ReadAction","target":["https:\/\/colchoneselencanto.com.co\/?product=futon-siesta"]}]},{"@type":"ImageObject","inLanguage":"es-CO","@id":"https:\/\/colchoneselencanto.com.co\/?product=futon-siesta#primaryimage","url":"https:\/\/colchoneselencanto.com.co\/wp-content\/uploads\/2022\/03\/futon-siesta-a1.jpg","contentUrl":"https:\/\/colchoneselencanto.com.co\/wp-content\/uploads\/2022\/03\/futon-siesta-a1.jpg","width":1800,"height":1178,"caption":"Fut\u00f3n Siesta"},{"@type":"BreadcrumbList","@id":"https:\/\/colchoneselencanto.com.co\/?product=futon-siesta#breadcrumb","itemListElement":[{"@type":"ListItem","position":1,"name":"Inicio","item":"https:\/\/colchoneselencanto.com.co\/"},{"@type":"ListItem","position":2,"name":"Tienda","item":"https:\/\/colchoneselencanto.com.co\/?page_id=5"},{"@type":"ListItem","position":3,"name":"Fut\u00f3n Siesta"}]},{"@type":"WebSite","@id":"https:\/\/colchoneselencanto.com.co\/#website","url":"https:\/\/colchoneselencanto.com.co\/","name":"Colchones El Encanto &gt; Ergonom\u00eda y Confort","description":"Fabricaci\u00f3n y venta de colchones, futones, camas, sof\u00e1s cama, muebles flexibles y plegables como sillones, con colch\u00f3n tipo fut\u00f3n japon\u00e9s. Especializados en materias primas como las fibras largas de algod\u00f3n peinado y maderas solidas de pino.","publisher":{"@id":"https:\/\/colchoneselencanto.com.co\/#organization"},"potentialAction":[{"@type":"SearchAction","target":{"@type":"EntryPoint","urlTemplate":"https:\/\/colchoneselencanto.com.co\/?s={search_term_string}"},"query-input":{"@type":"PropertyValueSpecification","valueRequired":true,"valueName":"search_term_string"}}],"inLanguage":"es-CO"},{"@type":"Organization","@id":"https:\/\/colchoneselencanto.com.co\/#organization","name":"Colchones El Encanto &gt; Ergonom\u00eda y Confort","url":"https:\/\/colchoneselencanto.com.co\/","logo":{"@type":"ImageObject","inLanguage":"es-CO","@id":"https:\/\/colchoneselencanto.com.co\/#\/schema\/logo\/image\/","url":"https:\/\/colchoneselencanto.com.co\/wp-content\/uploads\/2022\/01\/logo2.png","contentUrl":"https:\/\/colchoneselencanto.com.co\/wp-content\/uploads\/2022\/01\/logo2.png","width":237,"height":63,"caption":"Colchones El Encanto &gt; Ergonom\u00eda y Confort"},"image":{"@id":"https:\/\/colchoneselencanto.com.co\/#\/schema\/logo\/image\/"}}]},"product_price_amount":"1690000.00","product_price_currency":"COP","og_availability":"instock","product_availability":"instock","product_retailer_item_id":"FSE-80","product_condition":"new"},"_links":{"self":[{"href":"https:\/\/colchoneselencanto.com.co\/index.php?rest_route=\/wp\/v2\/product\/2170","targetHints":{"allow":["GET"]}}],"collection":[{"href":"https:\/\/colchoneselencanto.com.co\/index.php?rest_route=\/wp\/v2\/product"}],"about":[{"href":"https:\/\/colchoneselencanto.com.co\/index.php?rest_route=\/wp\/v2\/types\/product"}],"replies":[{"embeddable":true,"href":"https:\/\/colchoneselencanto.com.co\/index.php?rest_route=%2Fwp%2Fv2%2Fcomments&post=2170"}],"wp:featuredmedia":[{"embeddable":true,"href":"https:\/\/colchoneselencanto.com.co\/index.php?rest_route=\/wp\/v2\/media\/2176"}],"wp:attachment":[{"href":"https:\/\/colchoneselencanto.com.co\/index.php?rest_route=%2Fwp%2Fv2%2Fmedia&parent=2170"}],"wp:term":[{"taxonomy":"product_brand","embeddable":true,"href":"https:\/\/colchoneselencanto.com.co\/index.php?rest_route=%2Fwp%2Fv2%2Fproduct_brand&post=2170"},{"taxonomy":"product_cat","embeddable":true,"href":"https:\/\/colchoneselencanto.com.co\/index.php?rest_route=%2Fwp%2Fv2%2Fproduct_cat&post=2170"},{"taxonomy":"product_tag","embeddable":true,"href":"https:\/\/colchoneselencanto.com.co\/index.php?rest_route=%2Fwp%2Fv2%2Fproduct_tag&post=2170"}],"curies":[{"name":"wp","href":"https:\/\/api.w.org\/{rel}","templated":true}]}}