{"id":1935,"date":"2022-05-25T14:36:05","date_gmt":"2022-05-25T19:36:05","guid":{"rendered":"https:\/\/colchoneselencanto.com.co\/?post_type=product&#038;p=1935"},"modified":"2022-08-11T21:54:15","modified_gmt":"2022-08-12T02:54:15","slug":"futon-turco-a-3-modulos","status":"publish","type":"product","link":"https:\/\/colchoneselencanto.com.co\/?product=futon-turco-a-3-modulos","title":{"rendered":"Fut\u00f3n Turco a 3 M\u00f3dulos"},"content":{"rendered":"<p style=\"text-align: justify;\">La libertad de forma que permite este sistema de asientos bajos completamente modular rompi\u00f3 el molde de dise\u00f1o y foment\u00f3 una forma completamente nueva de organizar los espacios habitables, \u00a0con un enfoque innovador y sencillo de la comodidad que tuvo un profundo impacto en el dise\u00f1o de interiores en los a\u00f1os 70.<\/p>\n<p style=\"text-align: justify;\">El dise\u00f1o de composici\u00f3n del Futon Turco permite que se use como sof\u00e1, seccional, silla de esquina, sof\u00e1 de dos plazas, div\u00e1n, banco, o cama supletoria. Cada coj\u00edn est\u00e1 hecho a mano siguiendo los m\u00e9todos de Alta Costura. Es un fut\u00f3n muy elegante, esta relleno de fibras de algod\u00f3n y poliester. Es un fut\u00f3n muy elegante, perfecto para ambientes\u00a0 interiores.<\/p>\n<p style=\"text-align: justify;\">El revestimiento o tapizado se puede elegir en la mayor\u00eda de nuestros tejidos y en la idoneidad para su uso. \u00a0Seg\u00fan la tela del revestimiento, combina con cualquier ambiente y estilo de decoraci\u00f3n, ya sea una casa de campo o un\u00a0 apartamento en la ciudad.<\/p>\n<h4>Recomendaciones<\/h4>\n<p style=\"text-align: justify;\">La mayor\u00eda de nuestras telas reciben un tratamiento repelente de l\u00edquidos y manchas, lo que ayuda en la eliminaci\u00f3n inmediata de sustancias ca\u00eddas accidentalmente.\u00a0(siga las instrucciones para el mantenimiento de la tela que cubre el fut\u00f3n)<\/p>\n<p style=\"text-align: justify;\"><strong>Siempre recomendamos:<\/strong><br \/>\nAspirar el fut\u00f3n con frecuencia.<br \/>\nEs normal tender sobre futones, debido a las materias primas utilizadas en el relleno.\u00a0Para mantener su fut\u00f3n m\u00e1s parejo con el tiempo, le recomendamos que lo voltee boca abajo y adelante\/atr\u00e1s peri\u00f3dicamente.<br \/>\nUtilizar en un lugar ventilado con luz natural, sin exposici\u00f3n directa continua al sol.<br \/>\nEn caso de olor a humedad, coloque el fut\u00f3n al sol durante un d\u00eda.\u00a0Repita si es necesario.<br \/>\nNo lavar, no mojar.<br \/>\nNo intente desarmar el fut\u00f3n, no lo desabroche y no quite las puntadas tejidas.\u00a0Al igual que la tapicer\u00eda convencional, los forros de los futones no se pueden quitar debido al capiton\u00e9.\u00a0Solo se pueden quitar las cubiertas para limpiarlas.\u00a0Los revestimientos deben limpiarse como la tapicer\u00eda tradicional.<br \/>\nPara la eliminaci\u00f3n de manchas y la higienizaci\u00f3n, encargue ocasionalmente la limpieza a una tintorer\u00eda profesional.<\/p>\n","protected":false},"excerpt":{"rendered":"<p style=\"text-align: justify;\">Fut\u00f3n modular de borde estilo \u201cturco\u201d, disponible en tama\u00f1o modular de 100 x 100 x 20 cm (ancho\/largo\/espesor).\u00a0 Es un fut\u00f3n muy elegante, esta relleno de fibras de algod\u00f3n y poliester,\u00a0 seg\u00fan la tela del revestimiento, combina con cualquier ambiente y estilo de decoraci\u00f3n, ya sea una casa de campo o un locaci\u00f3n en la ciudad.<\/p>\n","protected":false},"featured_media":2557,"comment_status":"open","ping_status":"closed","template":"","meta":[],"product_brand":[],"product_cat":[42,82],"product_tag":[],"class_list":{"0":"post-1935","1":"product","2":"type-product","3":"status-publish","4":"has-post-thumbnail","6":"product_cat-futones","7":"product_cat-sofas","9":"first","10":"instock","11":"shipping-taxable","12":"purchasable","13":"product-type-simple"},"yoast_head":"<!-- This site is optimized with the Yoast SEO Premium plugin v19.1 (Yoast SEO v27.2) - https:\/\/yoast.com\/product\/yoast-seo-premium-wordpress\/ -->\n<title>Fut\u00f3n Turco a 3 M\u00f3dulos - Colchones El Encanto &gt; Ergonom\u00eda y Confort<\/title>\n<meta name=\"robots\" content=\"index, follow, max-snippet:-1, max-image-preview:large, max-video-preview:-1\" \/>\n<link rel=\"canonical\" href=\"https:\/\/colchoneselencanto.com.co\/?product=futon-turco-a-3-modulos\" \/>\n<meta property=\"og:locale\" content=\"es_ES\" \/>\n<meta property=\"og:type\" content=\"article\" \/>\n<meta property=\"og:title\" content=\"Fut\u00f3n Turco a 3 M\u00f3dulos\" \/>\n<meta property=\"og:description\" content=\"Fut\u00f3n modular de borde estilo \u201cturco\u201d, disponible en tama\u00f1o modular de 100 x 100 x 20 cm (ancho\/largo\/espesor).\u00a0 Es un fut\u00f3n muy elegante, esta relleno de fibras de algod\u00f3n y poliester,\u00a0 seg\u00fan la tela del revestimiento, combina con cualquier ambiente y estilo de decoraci\u00f3n, ya sea una casa de campo o un locaci\u00f3n en la ciudad.\" \/>\n<meta property=\"og:url\" content=\"https:\/\/colchoneselencanto.com.co\/?product=futon-turco-a-3-modulos\" \/>\n<meta property=\"og:site_name\" content=\"Colchones El Encanto &gt; Ergonom\u00eda y Confort\" \/>\n<meta property=\"article:modified_time\" content=\"2022-08-12T02:54:15+00:00\" \/>\n<meta property=\"og:image\" content=\"https:\/\/colchoneselencanto.com.co\/wp-content\/uploads\/2022\/03\/Futon-Turco-Modulos3.jpg\" \/>\n\t<meta property=\"og:image:width\" content=\"1800\" \/>\n\t<meta property=\"og:image:height\" content=\"1178\" \/>\n\t<meta property=\"og:image:type\" content=\"image\/jpeg\" \/>\n<meta name=\"twitter:card\" content=\"summary_large_image\" \/>\n<meta name=\"twitter:label1\" content=\"Precio\" \/>\n\t<meta name=\"twitter:data1\" content=\"$2,100,000.00\" \/>\n\t<meta name=\"twitter:label2\" content=\"Availability\" \/>\n\t<meta name=\"twitter:data2\" content=\"In stock\" \/>\n<script type=\"application\/ld+json\" class=\"yoast-schema-graph\">{\"@context\":\"https:\/\/schema.org\",\"@graph\":[{\"@type\":\"WebPage\",\"@id\":\"https:\/\/colchoneselencanto.com.co\/?product=futon-turco-a-3-modulos\",\"url\":\"https:\/\/colchoneselencanto.com.co\/?product=futon-turco-a-3-modulos\",\"name\":\"Fut\u00f3n Turco a 3 M\u00f3dulos - Colchones El Encanto &gt; Ergonom\u00eda y Confort\",\"isPartOf\":{\"@id\":\"https:\/\/colchoneselencanto.com.co\/#website\"},\"primaryImageOfPage\":{\"@id\":\"https:\/\/colchoneselencanto.com.co\/?product=futon-turco-a-3-modulos#primaryimage\"},\"image\":{\"@id\":\"https:\/\/colchoneselencanto.com.co\/?product=futon-turco-a-3-modulos#primaryimage\"},\"thumbnailUrl\":\"https:\/\/colchoneselencanto.com.co\/wp-content\/uploads\/2022\/03\/Futon-Turco-Modulos3.jpg\",\"datePublished\":\"2022-05-25T19:36:05+00:00\",\"dateModified\":\"2022-08-12T02:54:15+00:00\",\"breadcrumb\":{\"@id\":\"https:\/\/colchoneselencanto.com.co\/?product=futon-turco-a-3-modulos#breadcrumb\"},\"inLanguage\":\"es-CO\",\"potentialAction\":[{\"@type\":\"ReadAction\",\"target\":[\"https:\/\/colchoneselencanto.com.co\/?product=futon-turco-a-3-modulos\"]}]},{\"@type\":\"ImageObject\",\"inLanguage\":\"es-CO\",\"@id\":\"https:\/\/colchoneselencanto.com.co\/?product=futon-turco-a-3-modulos#primaryimage\",\"url\":\"https:\/\/colchoneselencanto.com.co\/wp-content\/uploads\/2022\/03\/Futon-Turco-Modulos3.jpg\",\"contentUrl\":\"https:\/\/colchoneselencanto.com.co\/wp-content\/uploads\/2022\/03\/Futon-Turco-Modulos3.jpg\",\"width\":1800,\"height\":1178},{\"@type\":\"BreadcrumbList\",\"@id\":\"https:\/\/colchoneselencanto.com.co\/?product=futon-turco-a-3-modulos#breadcrumb\",\"itemListElement\":[{\"@type\":\"ListItem\",\"position\":1,\"name\":\"Inicio\",\"item\":\"https:\/\/colchoneselencanto.com.co\/\"},{\"@type\":\"ListItem\",\"position\":2,\"name\":\"Tienda\",\"item\":\"https:\/\/colchoneselencanto.com.co\/?page_id=5\"},{\"@type\":\"ListItem\",\"position\":3,\"name\":\"Fut\u00f3n Turco a 3 M\u00f3dulos\"}]},{\"@type\":\"WebSite\",\"@id\":\"https:\/\/colchoneselencanto.com.co\/#website\",\"url\":\"https:\/\/colchoneselencanto.com.co\/\",\"name\":\"Colchones El Encanto &gt; Ergonom\u00eda y Confort\",\"description\":\"Fabricaci\u00f3n y venta de colchones, futones, camas, sof\u00e1s cama, muebles flexibles y plegables como sillones, con colch\u00f3n tipo fut\u00f3n japon\u00e9s. Especializados en materias primas como las fibras largas de algod\u00f3n peinado y maderas solidas de pino.\",\"publisher\":{\"@id\":\"https:\/\/colchoneselencanto.com.co\/#organization\"},\"potentialAction\":[{\"@type\":\"SearchAction\",\"target\":{\"@type\":\"EntryPoint\",\"urlTemplate\":\"https:\/\/colchoneselencanto.com.co\/?s={search_term_string}\"},\"query-input\":{\"@type\":\"PropertyValueSpecification\",\"valueRequired\":true,\"valueName\":\"search_term_string\"}}],\"inLanguage\":\"es-CO\"},{\"@type\":\"Organization\",\"@id\":\"https:\/\/colchoneselencanto.com.co\/#organization\",\"name\":\"Colchones El Encanto &gt; Ergonom\u00eda y Confort\",\"url\":\"https:\/\/colchoneselencanto.com.co\/\",\"logo\":{\"@type\":\"ImageObject\",\"inLanguage\":\"es-CO\",\"@id\":\"https:\/\/colchoneselencanto.com.co\/#\/schema\/logo\/image\/\",\"url\":\"https:\/\/colchoneselencanto.com.co\/wp-content\/uploads\/2022\/01\/logo2.png\",\"contentUrl\":\"https:\/\/colchoneselencanto.com.co\/wp-content\/uploads\/2022\/01\/logo2.png\",\"width\":237,\"height\":63,\"caption\":\"Colchones El Encanto &gt; Ergonom\u00eda y Confort\"},\"image\":{\"@id\":\"https:\/\/colchoneselencanto.com.co\/#\/schema\/logo\/image\/\"}}]}<\/script>\n<meta property=\"product:price:amount\" content=\"2100000.00\" \/>\n<meta property=\"product:price:currency\" content=\"COP\" \/>\n<meta property=\"og:availability\" content=\"instock\" \/>\n<meta property=\"product:availability\" content=\"instock\" \/>\n<meta property=\"product:retailer_item_id\" content=\"FMTE-3M\" \/>\n<meta property=\"product:condition\" content=\"new\" \/>\n<!-- \/ Yoast SEO Premium plugin. -->","yoast_head_json":{"title":"Fut\u00f3n Turco a 3 M\u00f3dulos - Colchones El Encanto &gt; Ergonom\u00eda y Confort","robots":{"index":"index","follow":"follow","max-snippet":"max-snippet:-1","max-image-preview":"max-image-preview:large","max-video-preview":"max-video-preview:-1"},"canonical":"https:\/\/colchoneselencanto.com.co\/?product=futon-turco-a-3-modulos","og_locale":"es_ES","og_type":"article","og_title":"Fut\u00f3n Turco a 3 M\u00f3dulos","og_description":"Fut\u00f3n modular de borde estilo \u201cturco\u201d, disponible en tama\u00f1o modular de 100 x 100 x 20 cm (ancho\/largo\/espesor).\u00a0 Es un fut\u00f3n muy elegante, esta relleno de fibras de algod\u00f3n y poliester,\u00a0 seg\u00fan la tela del revestimiento, combina con cualquier ambiente y estilo de decoraci\u00f3n, ya sea una casa de campo o un locaci\u00f3n en la ciudad.","og_url":"https:\/\/colchoneselencanto.com.co\/?product=futon-turco-a-3-modulos","og_site_name":"Colchones El Encanto &gt; Ergonom\u00eda y Confort","article_modified_time":"2022-08-12T02:54:15+00:00","og_image":[{"width":1800,"height":1178,"url":"https:\/\/colchoneselencanto.com.co\/wp-content\/uploads\/2022\/03\/Futon-Turco-Modulos3.jpg","type":"image\/jpeg"}],"twitter_card":"summary_large_image","twitter_misc":{"Precio":"$2,100,000.00","Availability":"In stock"},"schema":{"@context":"https:\/\/schema.org","@graph":[{"@type":"WebPage","@id":"https:\/\/colchoneselencanto.com.co\/?product=futon-turco-a-3-modulos","url":"https:\/\/colchoneselencanto.com.co\/?product=futon-turco-a-3-modulos","name":"Fut\u00f3n Turco a 3 M\u00f3dulos - Colchones El Encanto &gt; Ergonom\u00eda y Confort","isPartOf":{"@id":"https:\/\/colchoneselencanto.com.co\/#website"},"primaryImageOfPage":{"@id":"https:\/\/colchoneselencanto.com.co\/?product=futon-turco-a-3-modulos#primaryimage"},"image":{"@id":"https:\/\/colchoneselencanto.com.co\/?product=futon-turco-a-3-modulos#primaryimage"},"thumbnailUrl":"https:\/\/colchoneselencanto.com.co\/wp-content\/uploads\/2022\/03\/Futon-Turco-Modulos3.jpg","datePublished":"2022-05-25T19:36:05+00:00","dateModified":"2022-08-12T02:54:15+00:00","breadcrumb":{"@id":"https:\/\/colchoneselencanto.com.co\/?product=futon-turco-a-3-modulos#breadcrumb"},"inLanguage":"es-CO","potentialAction":[{"@type":"ReadAction","target":["https:\/\/colchoneselencanto.com.co\/?product=futon-turco-a-3-modulos"]}]},{"@type":"ImageObject","inLanguage":"es-CO","@id":"https:\/\/colchoneselencanto.com.co\/?product=futon-turco-a-3-modulos#primaryimage","url":"https:\/\/colchoneselencanto.com.co\/wp-content\/uploads\/2022\/03\/Futon-Turco-Modulos3.jpg","contentUrl":"https:\/\/colchoneselencanto.com.co\/wp-content\/uploads\/2022\/03\/Futon-Turco-Modulos3.jpg","width":1800,"height":1178},{"@type":"BreadcrumbList","@id":"https:\/\/colchoneselencanto.com.co\/?product=futon-turco-a-3-modulos#breadcrumb","itemListElement":[{"@type":"ListItem","position":1,"name":"Inicio","item":"https:\/\/colchoneselencanto.com.co\/"},{"@type":"ListItem","position":2,"name":"Tienda","item":"https:\/\/colchoneselencanto.com.co\/?page_id=5"},{"@type":"ListItem","position":3,"name":"Fut\u00f3n Turco a 3 M\u00f3dulos"}]},{"@type":"WebSite","@id":"https:\/\/colchoneselencanto.com.co\/#website","url":"https:\/\/colchoneselencanto.com.co\/","name":"Colchones El Encanto &gt; Ergonom\u00eda y Confort","description":"Fabricaci\u00f3n y venta de colchones, futones, camas, sof\u00e1s cama, muebles flexibles y plegables como sillones, con colch\u00f3n tipo fut\u00f3n japon\u00e9s. Especializados en materias primas como las fibras largas de algod\u00f3n peinado y maderas solidas de pino.","publisher":{"@id":"https:\/\/colchoneselencanto.com.co\/#organization"},"potentialAction":[{"@type":"SearchAction","target":{"@type":"EntryPoint","urlTemplate":"https:\/\/colchoneselencanto.com.co\/?s={search_term_string}"},"query-input":{"@type":"PropertyValueSpecification","valueRequired":true,"valueName":"search_term_string"}}],"inLanguage":"es-CO"},{"@type":"Organization","@id":"https:\/\/colchoneselencanto.com.co\/#organization","name":"Colchones El Encanto &gt; Ergonom\u00eda y Confort","url":"https:\/\/colchoneselencanto.com.co\/","logo":{"@type":"ImageObject","inLanguage":"es-CO","@id":"https:\/\/colchoneselencanto.com.co\/#\/schema\/logo\/image\/","url":"https:\/\/colchoneselencanto.com.co\/wp-content\/uploads\/2022\/01\/logo2.png","contentUrl":"https:\/\/colchoneselencanto.com.co\/wp-content\/uploads\/2022\/01\/logo2.png","width":237,"height":63,"caption":"Colchones El Encanto &gt; Ergonom\u00eda y Confort"},"image":{"@id":"https:\/\/colchoneselencanto.com.co\/#\/schema\/logo\/image\/"}}]},"product_price_amount":"2100000.00","product_price_currency":"COP","og_availability":"instock","product_availability":"instock","product_retailer_item_id":"FMTE-3M","product_condition":"new"},"_links":{"self":[{"href":"https:\/\/colchoneselencanto.com.co\/index.php?rest_route=\/wp\/v2\/product\/1935","targetHints":{"allow":["GET"]}}],"collection":[{"href":"https:\/\/colchoneselencanto.com.co\/index.php?rest_route=\/wp\/v2\/product"}],"about":[{"href":"https:\/\/colchoneselencanto.com.co\/index.php?rest_route=\/wp\/v2\/types\/product"}],"replies":[{"embeddable":true,"href":"https:\/\/colchoneselencanto.com.co\/index.php?rest_route=%2Fwp%2Fv2%2Fcomments&post=1935"}],"wp:featuredmedia":[{"embeddable":true,"href":"https:\/\/colchoneselencanto.com.co\/index.php?rest_route=\/wp\/v2\/media\/2557"}],"wp:attachment":[{"href":"https:\/\/colchoneselencanto.com.co\/index.php?rest_route=%2Fwp%2Fv2%2Fmedia&parent=1935"}],"wp:term":[{"taxonomy":"product_brand","embeddable":true,"href":"https:\/\/colchoneselencanto.com.co\/index.php?rest_route=%2Fwp%2Fv2%2Fproduct_brand&post=1935"},{"taxonomy":"product_cat","embeddable":true,"href":"https:\/\/colchoneselencanto.com.co\/index.php?rest_route=%2Fwp%2Fv2%2Fproduct_cat&post=1935"},{"taxonomy":"product_tag","embeddable":true,"href":"https:\/\/colchoneselencanto.com.co\/index.php?rest_route=%2Fwp%2Fv2%2Fproduct_tag&post=1935"}],"curies":[{"name":"wp","href":"https:\/\/api.w.org\/{rel}","templated":true}]}}