{"id":361,"date":"2016-03-03T01:44:27","date_gmt":"2016-03-03T01:44:27","guid":{"rendered":"https:\/\/demo.wpthemego.com\/themes\/sw_furnicom\/?page_id=361"},"modified":"2022-08-18T00:12:37","modified_gmt":"2022-08-18T05:12:37","slug":"contact-v2","status":"publish","type":"page","link":"https:\/\/colchoneselencanto.com.co\/?page_id=361","title":{"rendered":"Cont\u00e1ctenos"},"content":{"rendered":"<section class=\"wpb-content-wrapper\"><p>[vc_row el_class=&#8221;contact-bonus&#8221;][vc_column width=&#8221;1\/3&#8243; css=&#8221;.vc_custom_1439436387586{margin-bottom: 30px !important;}&#8221;][vc_column_text css=&#8221;.vc_custom_1660799458187{margin-bottom: 0px !important;border-bottom-width: 1px !important;padding-bottom: 20px !important;border-bottom-color: #c9c9c9 !important;border-bottom-style: dashed !important;}&#8221;]<\/p>\n<p style=\"text-align: center;\"><strong><em>\u201cContribuimos a mejorar el descanso, la salud y bienestar de las personas, ofreciendo productos vers\u00e1tiles de alta calidad, ergon\u00f3micos y confortables; de gran funcionalidad y f\u00e1cil manejo. Eficientes en su uso, seguros y que contribuyen a mejorar la productividad, creando una mejorar calidad de vida para las personas.\u201d<\/em><\/strong><\/p>\n<p>[\/vc_column_text][vc_column_text css=&#8221;.vc_custom_1645571775696{margin-bottom: 15px !important;}&#8221;]Calle 10 # 22-33 Barrio Breta\u00f1a<br \/>\nSantiago de Cali &#8211; Valle del Cauca<br \/>\nColombia<\/p>\n<p>Email : <a href=\"https:\/\/colchoneselencanto.com.co\/#\">futones@colchoneselencanto.com.co<\/a><\/p>\n<p class=\"ct ct-hotline\">L\u00ednea Directa : 318-500-7570<\/p>\n<p>[\/vc_column_text][vc_raw_html]JTNDZGl2JTIwY2xhc3MlM0QlMjJzb2NpYWxzJTIyJTNFJTBBJTIwJTIwJTIwJTIwJTIwJTIwJTIwJTIwJTIwJTIwJTIwJTIwJTIwJTIwJTIwJTIwJTIwJTIwJTIwJTIwJTIwJTNDdWwlM0UlMEElMjAlMjAlMjAlMjAlMjAlMjAlMjAlMjAlMjAlMjAlMjAlMjAlMjAlMjAlMjAlMjAlMjAlMjAlMjAlMjAlMjAlMjAlMjAlMjAlMjAlMjAlMjAlMjAlMjAlMjAlM0NsaSUzRSUzQ2ElMjBocmVmJTNEJTIyaHR0cHMlM0ElMkYlMkZ3d3cuZmFjZWJvb2suY29tJTJGJTIyJTNFJTNDaSUyMGNsYXNzJTNEJTIyZmElMjBmYS1mYWNlYm9vayUyMiUzRSUzQyUyRmklM0UlM0MlMkZhJTNFJTNDJTJGbGklM0UlMEElMEElMjAlMjAlMjAlMjAlMjAlMjAlMjAlMjAlMjAlMjAlMjAlMjAlMjAlMjAlMjAlMjAlMjAlMjAlMjAlMjAlMjAlMjAlMjAlMjAlMjAlMjAlMjAlMjAlMjAlMjAlM0NsaSUzRSUzQ2ElMjBocmVmJTNEJTIyaHR0cHMlM0ElMkYlMkZ0d2l0dGVyLmNvbSUyRiUyMiUzRSUzQ2klMjBjbGFzcyUzRCUyMmZhJTIwZmEtdHdpdHRlciUyMiUzRSUzQyUyRmklM0UlM0MlMkZhJTNFJTNDJTJGbGklM0UlMjAlMjAlMjAlMjAlMjAlMjAlMjAlMEElMEElMjAlMjAlMjAlMjAlMjAlMjAlMjAlMjAlMjAlMjAlMjAlMjAlMjAlMjAlMjAlMjAlMjAlMjAlMjAlMjAlMjAlMjAlMjAlMjAlMjAlMjAlMjAlMjAlMjAlMjAlM0NsaSUzRSUzQ2ElMjBocmVmJTNEJTIyaHR0cHMlM0ElMkYlMkZwbHVzLmdvb2dsZS5jb20lMkZ1JTJGMCUyRmIlMkYxMDIzOTkwODc3NjE5NDk1ODAwNjklMkYxMDIzOTkwODc3NjE5NDk1ODAwNjklMkZwb3N0cyUyMiUzRSUzQ2klMjBjbGFzcyUzRCUyMmZhJTIwZmEtZ29vZ2xlLXBsdXMlMjIlM0UlM0MlMkZpJTNFJTNDJTJGYSUzRSUzQyUyRmxpJTNFJTBBJTBBJTIwJTIwJTIwJTIwJTIwJTIwJTIwJTIwJTIwJTIwJTIwJTIwJTIwJTIwJTIwJTIwJTIwJTIwJTIwJTIwJTIwJTIwJTIwJTIwJTIwJTIwJTIwJTIwJTIwJTIwJTIwJTNDbGklM0UlM0NhJTIwaHJlZiUzRCUyMmh0dHBzJTNBJTJGJTJGd3d3LmxpbmtlZGluLmNvbSUyRiUyMiUzRSUzQ2klMjBjbGFzcyUzRCUyMmZhJTIwZmEtbGlua2VkaW4lMjIlM0UlM0MlMkZpJTNFJTNDJTJGYSUzRSUzQyUyRmxpJTNFJTBBJTBBJTIwJTIwJTIwJTIwJTIwJTIwJTIwJTIwJTIwJTIwJTIwJTIwJTIwJTIwJTIwJTIwJTIwJTIwJTIwJTIwJTIwJTIwJTIwJTIwJTIwJTIwJTIwJTIwJTIwJTIwJTIwJTNDbGklM0UlM0NhJTIwaHJlZiUzRCUyMiUyMyUyMiUzRSUzQ2klMjBjbGFzcyUzRCUyMmZhJTIwZmEtdHVtYmxyJTIyJTNFJTNDJTJGaSUzRSUzQyUyRmElM0UlM0MlMkZsaSUzRSUwQSUwQSUyMCUyMCUyMCUyMCUyMCUyMCUyMCUyMCUyMCUyMCUyMCUyMCUyMCUyMCUyMCUyMCUyMCUyMCUyMCUyMCUyMCUyMCUyMCUyMCUyMCUyMCUyMCUyMCUyMCUyMCUyMCUzQ2xpJTNFJTNDYSUyMGhyZWYlM0QlMjJodHRwcyUzQSUyRiUyRnd3dy5waW50ZXJlc3QuY29tJTJGJTIyJTNFJTNDaSUyMGNsYXNzJTNEJTIyZmElMjBmYS1waW50ZXJlc3QtcCUyMiUzRSUzQyUyRmklM0UlM0MlMkZhJTNFJTNDJTJGbGklM0UlMEElMEElMjAlMjAlMjAlMjAlMjAlMjAlMjAlMjAlMjAlMjAlMjAlMjAlMjAlMjAlMjAlMjAlMjAlMjAlMjAlMjAlMjAlM0MlMkZ1bCUzRSUwQSUyMCUyMCUyMCUyMCUyMCUyMCUyMCUyMCUyMCUyMCUzQyUyRmRpdiUzRQ==[\/vc_raw_html][\/vc_column][vc_column width=&#8221;1\/3&#8243; css=&#8221;.vc_custom_1439436403055{margin-bottom: 30px !important;}&#8221;][vc_gmaps link=&#8221;#E-8_JTNDaWZyYW1lJTIwc3JjJTNEJTIyaHR0cHMlM0ElMkYlMkZ3d3cuZ29vZ2xlLmNvbSUyRm1hcHMlMkZlbWJlZCUzRnBiJTNEJTIxMW0xOCUyMTFtMTIlMjExbTMlMjExZDE5OTEuMzIzNzIyNTkxNDQ5NSUyMTJkLTc2LjUzMjAxMTA4MjU5Njg1JTIxM2QzLjQzNTY3NjEzOTIyNDAxNCUyMTJtMyUyMTFmMCUyMTJmMCUyMTNmMCUyMTNtMiUyMTFpMTAyNCUyMTJpNzY4JTIxNGYxMy4xJTIxM20zJTIxMW0yJTIxMXMweDhlMzBhNjhkZDE1NDQ0MDUlMjUzQTB4YjQxY2M2MjRmYTkwNDc3ZCUyMTJzQ2wuJTI1MjAxMCUyNTIwJTI1MjMyMy0zMyUyNTJDJTI1MjBDYWxpJTI1MkMlMjUyMFZhbGxlJTI1MjBkZWwlMjUyMENhdWNhJTIxNWUwJTIxM20yJTIxMXNlcyUyMTJzY28lMjE0djE2NDcwOTk4NDcwMjclMjE1bTIlMjExc2VzJTIxMnNjbyUyMiUyMHdpZHRoJTNEJTIyNjAwJTIyJTIwaGVpZ2h0JTNEJTIyNDUwJTIyJTIwc3R5bGUlM0QlMjJib3JkZXIlM0EwJTNCJTIyJTIwYWxsb3dmdWxsc2NyZWVuJTNEJTIyJTIyJTIwbG9hZGluZyUzRCUyMmxhenklMjIlM0UlM0MlMkZpZnJhbWUlM0U=&#8221; size=&#8221;332&#8243;][\/vc_column][vc_column width=&#8221;1\/3&#8243;][vc_column_text]<\/p>\n<div class=\"page-title\">\n<h3>Env\u00ede sus comentarios<\/h3>\n<\/div>\n<p>[\/vc_column_text]\n<div class=\"wpcf7 no-js\" id=\"wpcf7-f378-o1\" lang=\"en-US\" dir=\"ltr\" data-wpcf7-id=\"378\">\n<div class=\"screen-reader-response\"><p role=\"status\" aria-live=\"polite\" aria-atomic=\"true\"><\/p> <ul><\/ul><\/div>\n<form action=\"\/index.php?rest_route=%2Fwp%2Fv2%2Fpages%2F361#wpcf7-f378-o1\" method=\"post\" class=\"wpcf7-form init\" aria-label=\"Contact form\" novalidate=\"novalidate\" data-status=\"init\">\n<fieldset class=\"hidden-fields-container\"><input type=\"hidden\" name=\"_wpcf7\" value=\"378\" \/><input type=\"hidden\" name=\"_wpcf7_version\" value=\"6.1.5\" \/><input type=\"hidden\" name=\"_wpcf7_locale\" value=\"en_US\" \/><input type=\"hidden\" name=\"_wpcf7_unit_tag\" value=\"wpcf7-f378-o1\" \/><input type=\"hidden\" name=\"_wpcf7_container_post\" value=\"0\" \/><input type=\"hidden\" name=\"_wpcf7_posted_data_hash\" value=\"\" \/>\n<\/fieldset>\n<p class=\"pull-left\"><br \/>\n<span class=\"wpcf7-form-control-wrap\" data-name=\"your-name\"><input size=\"40\" maxlength=\"400\" class=\"wpcf7-form-control wpcf7-text wpcf7-validates-as-required\" aria-required=\"true\" aria-invalid=\"false\" placeholder=\"Nombre :\" value=\"\" type=\"text\" name=\"your-name\" \/><\/span>\n<\/p>\n<p class=\"pull-left\"><br \/>\n<span class=\"wpcf7-form-control-wrap\" data-name=\"your-email\"><input size=\"40\" maxlength=\"400\" class=\"wpcf7-form-control wpcf7-email wpcf7-validates-as-required wpcf7-text wpcf7-validates-as-email\" aria-required=\"true\" aria-invalid=\"false\" placeholder=\"Correo :\" value=\"\" type=\"email\" name=\"your-email\" \/><\/span>\n<\/p>\n<p class=\"clear-fix\"><br \/>\n<span class=\"wpcf7-form-control-wrap\" data-name=\"your-message\"><textarea cols=\"40\" rows=\"10\" maxlength=\"2000\" class=\"wpcf7-form-control wpcf7-textarea\" aria-invalid=\"false\" placeholder=\"Comentario :\" name=\"your-message\"><\/textarea><\/span>\n<\/p>\n<p class=\"senmail-buttom\"><input class=\"wpcf7-form-control wpcf7-submit has-spinner\" type=\"submit\" value=\"ENVIAR EMAIL\" \/>\n<\/p><div class=\"wpcf7-response-output\" aria-hidden=\"true\"><\/div>\n<\/form>\n<\/div>\n[\/vc_column][\/vc_row]<\/p>\n<\/section>","protected":false},"excerpt":{"rendered":"<p>[vc_row el_class=&#8221;contact-bonus&#8221;][vc_column width=&#8221;1\/3&#8243; css=&#8221;.vc_custom_1439436387586{margin-bottom: 30px !important;}&#8221;][vc_column_text css=&#8221;.vc_custom_1660799458187{margin-bottom: 0px !important;border-bottom-width: 1px !important;padding-bottom: 20px !important;border-bottom-color: #c9c9c9 !important;border-bottom-style: dashed !important;}&#8221;] \u201cContribuimos a mejorar el descanso, la salud y bienestar de las personas, ofreciendo productos vers\u00e1tiles de alta calidad, ergon\u00f3micos y confortables; de gran funcionalidad y f\u00e1cil manejo. Eficientes en su uso, seguros y que contribuyen a mejorar la &hellip; <a href=\"https:\/\/colchoneselencanto.com.co\/?page_id=361\">Leer M\u00e1s<\/a><\/p>\n","protected":false},"author":1,"featured_media":0,"parent":0,"menu_order":0,"comment_status":"closed","ping_status":"closed","template":"","meta":{"footnotes":""},"class_list":["post-361","page","type-page","status-publish","hentry"],"yoast_head":"<!-- This site is optimized with the Yoast SEO Premium plugin v19.1 (Yoast SEO v27.2) - https:\/\/yoast.com\/product\/yoast-seo-premium-wordpress\/ -->\n<title>Cont\u00e1ctenos - Colchones El Encanto &gt; Ergonom\u00eda y Confort<\/title>\n<meta name=\"robots\" content=\"index, follow, max-snippet:-1, max-image-preview:large, max-video-preview:-1\" \/>\n<link rel=\"canonical\" href=\"https:\/\/colchoneselencanto.com.co\/?page_id=361\" \/>\n<meta property=\"og:locale\" content=\"es_ES\" \/>\n<meta property=\"og:type\" content=\"article\" \/>\n<meta property=\"og:title\" content=\"Cont\u00e1ctenos\" \/>\n<meta property=\"og:description\" content=\"[vc_row el_class=&#8221;contact-bonus&#8221;][vc_column width=&#8221;1\/3&#8243; css=&#8221;.vc_custom_1439436387586{margin-bottom: 30px !important;}&#8221;][vc_column_text css=&#8221;.vc_custom_1660799458187{margin-bottom: 0px !important;border-bottom-width: 1px !important;padding-bottom: 20px !important;border-bottom-color: #c9c9c9 !important;border-bottom-style: dashed !important;}&#8221;] \u201cContribuimos a mejorar el descanso, la salud y bienestar de las personas, ofreciendo productos vers\u00e1tiles de alta calidad, ergon\u00f3micos y confortables; de gran funcionalidad y f\u00e1cil manejo. Eficientes en su uso, seguros y que contribuyen a mejorar la &hellip; Leer M\u00e1s\" \/>\n<meta property=\"og:url\" content=\"https:\/\/colchoneselencanto.com.co\/?page_id=361\" \/>\n<meta property=\"og:site_name\" content=\"Colchones El Encanto &gt; Ergonom\u00eda y Confort\" \/>\n<meta property=\"article:modified_time\" content=\"2022-08-18T05:12:37+00:00\" \/>\n<meta name=\"twitter:card\" content=\"summary_large_image\" \/>\n<meta name=\"twitter:label1\" content=\"Tiempo de lectura\" \/>\n\t<meta name=\"twitter:data1\" content=\"2 minutos\" \/>\n<script type=\"application\/ld+json\" class=\"yoast-schema-graph\">{\"@context\":\"https:\/\/schema.org\",\"@graph\":[{\"@type\":\"WebPage\",\"@id\":\"https:\/\/colchoneselencanto.com.co\/?page_id=361\",\"url\":\"https:\/\/colchoneselencanto.com.co\/?page_id=361\",\"name\":\"Cont\u00e1ctenos - Colchones El Encanto &gt; Ergonom\u00eda y Confort\",\"isPartOf\":{\"@id\":\"https:\/\/colchoneselencanto.com.co\/#website\"},\"datePublished\":\"2016-03-03T01:44:27+00:00\",\"dateModified\":\"2022-08-18T05:12:37+00:00\",\"breadcrumb\":{\"@id\":\"https:\/\/colchoneselencanto.com.co\/?page_id=361#breadcrumb\"},\"inLanguage\":\"es-CO\",\"potentialAction\":[{\"@type\":\"ReadAction\",\"target\":[\"https:\/\/colchoneselencanto.com.co\/?page_id=361\"]}]},{\"@type\":\"BreadcrumbList\",\"@id\":\"https:\/\/colchoneselencanto.com.co\/?page_id=361#breadcrumb\",\"itemListElement\":[{\"@type\":\"ListItem\",\"position\":1,\"name\":\"Inicio\",\"item\":\"https:\/\/colchoneselencanto.com.co\/\"},{\"@type\":\"ListItem\",\"position\":2,\"name\":\"Cont\u00e1ctenos\"}]},{\"@type\":\"WebSite\",\"@id\":\"https:\/\/colchoneselencanto.com.co\/#website\",\"url\":\"https:\/\/colchoneselencanto.com.co\/\",\"name\":\"Colchones El Encanto &gt; Ergonom\u00eda y Confort\",\"description\":\"Fabricaci\u00f3n y venta de colchones, futones, camas, sof\u00e1s cama, muebles flexibles y plegables como sillones, con colch\u00f3n tipo fut\u00f3n japon\u00e9s. Especializados en materias primas como las fibras largas de algod\u00f3n peinado y maderas solidas de pino.\",\"publisher\":{\"@id\":\"https:\/\/colchoneselencanto.com.co\/#organization\"},\"potentialAction\":[{\"@type\":\"SearchAction\",\"target\":{\"@type\":\"EntryPoint\",\"urlTemplate\":\"https:\/\/colchoneselencanto.com.co\/?s={search_term_string}\"},\"query-input\":{\"@type\":\"PropertyValueSpecification\",\"valueRequired\":true,\"valueName\":\"search_term_string\"}}],\"inLanguage\":\"es-CO\"},{\"@type\":\"Organization\",\"@id\":\"https:\/\/colchoneselencanto.com.co\/#organization\",\"name\":\"Colchones El Encanto &gt; Ergonom\u00eda y Confort\",\"url\":\"https:\/\/colchoneselencanto.com.co\/\",\"logo\":{\"@type\":\"ImageObject\",\"inLanguage\":\"es-CO\",\"@id\":\"https:\/\/colchoneselencanto.com.co\/#\/schema\/logo\/image\/\",\"url\":\"https:\/\/colchoneselencanto.com.co\/wp-content\/uploads\/2022\/01\/logo2.png\",\"contentUrl\":\"https:\/\/colchoneselencanto.com.co\/wp-content\/uploads\/2022\/01\/logo2.png\",\"width\":237,\"height\":63,\"caption\":\"Colchones El Encanto &gt; Ergonom\u00eda y Confort\"},\"image\":{\"@id\":\"https:\/\/colchoneselencanto.com.co\/#\/schema\/logo\/image\/\"}}]}<\/script>\n<!-- \/ Yoast SEO Premium plugin. -->","yoast_head_json":{"title":"Cont\u00e1ctenos - Colchones El Encanto &gt; Ergonom\u00eda y Confort","robots":{"index":"index","follow":"follow","max-snippet":"max-snippet:-1","max-image-preview":"max-image-preview:large","max-video-preview":"max-video-preview:-1"},"canonical":"https:\/\/colchoneselencanto.com.co\/?page_id=361","og_locale":"es_ES","og_type":"article","og_title":"Cont\u00e1ctenos","og_description":"[vc_row el_class=&#8221;contact-bonus&#8221;][vc_column width=&#8221;1\/3&#8243; css=&#8221;.vc_custom_1439436387586{margin-bottom: 30px !important;}&#8221;][vc_column_text css=&#8221;.vc_custom_1660799458187{margin-bottom: 0px !important;border-bottom-width: 1px !important;padding-bottom: 20px !important;border-bottom-color: #c9c9c9 !important;border-bottom-style: dashed !important;}&#8221;] \u201cContribuimos a mejorar el descanso, la salud y bienestar de las personas, ofreciendo productos vers\u00e1tiles de alta calidad, ergon\u00f3micos y confortables; de gran funcionalidad y f\u00e1cil manejo. Eficientes en su uso, seguros y que contribuyen a mejorar la &hellip; Leer M\u00e1s","og_url":"https:\/\/colchoneselencanto.com.co\/?page_id=361","og_site_name":"Colchones El Encanto &gt; Ergonom\u00eda y Confort","article_modified_time":"2022-08-18T05:12:37+00:00","twitter_card":"summary_large_image","twitter_misc":{"Tiempo de lectura":"2 minutos"},"schema":{"@context":"https:\/\/schema.org","@graph":[{"@type":"WebPage","@id":"https:\/\/colchoneselencanto.com.co\/?page_id=361","url":"https:\/\/colchoneselencanto.com.co\/?page_id=361","name":"Cont\u00e1ctenos - Colchones El Encanto &gt; Ergonom\u00eda y Confort","isPartOf":{"@id":"https:\/\/colchoneselencanto.com.co\/#website"},"datePublished":"2016-03-03T01:44:27+00:00","dateModified":"2022-08-18T05:12:37+00:00","breadcrumb":{"@id":"https:\/\/colchoneselencanto.com.co\/?page_id=361#breadcrumb"},"inLanguage":"es-CO","potentialAction":[{"@type":"ReadAction","target":["https:\/\/colchoneselencanto.com.co\/?page_id=361"]}]},{"@type":"BreadcrumbList","@id":"https:\/\/colchoneselencanto.com.co\/?page_id=361#breadcrumb","itemListElement":[{"@type":"ListItem","position":1,"name":"Inicio","item":"https:\/\/colchoneselencanto.com.co\/"},{"@type":"ListItem","position":2,"name":"Cont\u00e1ctenos"}]},{"@type":"WebSite","@id":"https:\/\/colchoneselencanto.com.co\/#website","url":"https:\/\/colchoneselencanto.com.co\/","name":"Colchones El Encanto &gt; Ergonom\u00eda y Confort","description":"Fabricaci\u00f3n y venta de colchones, futones, camas, sof\u00e1s cama, muebles flexibles y plegables como sillones, con colch\u00f3n tipo fut\u00f3n japon\u00e9s. Especializados en materias primas como las fibras largas de algod\u00f3n peinado y maderas solidas de pino.","publisher":{"@id":"https:\/\/colchoneselencanto.com.co\/#organization"},"potentialAction":[{"@type":"SearchAction","target":{"@type":"EntryPoint","urlTemplate":"https:\/\/colchoneselencanto.com.co\/?s={search_term_string}"},"query-input":{"@type":"PropertyValueSpecification","valueRequired":true,"valueName":"search_term_string"}}],"inLanguage":"es-CO"},{"@type":"Organization","@id":"https:\/\/colchoneselencanto.com.co\/#organization","name":"Colchones El Encanto &gt; Ergonom\u00eda y Confort","url":"https:\/\/colchoneselencanto.com.co\/","logo":{"@type":"ImageObject","inLanguage":"es-CO","@id":"https:\/\/colchoneselencanto.com.co\/#\/schema\/logo\/image\/","url":"https:\/\/colchoneselencanto.com.co\/wp-content\/uploads\/2022\/01\/logo2.png","contentUrl":"https:\/\/colchoneselencanto.com.co\/wp-content\/uploads\/2022\/01\/logo2.png","width":237,"height":63,"caption":"Colchones El Encanto &gt; Ergonom\u00eda y Confort"},"image":{"@id":"https:\/\/colchoneselencanto.com.co\/#\/schema\/logo\/image\/"}}]}},"_links":{"self":[{"href":"https:\/\/colchoneselencanto.com.co\/index.php?rest_route=\/wp\/v2\/pages\/361","targetHints":{"allow":["GET"]}}],"collection":[{"href":"https:\/\/colchoneselencanto.com.co\/index.php?rest_route=\/wp\/v2\/pages"}],"about":[{"href":"https:\/\/colchoneselencanto.com.co\/index.php?rest_route=\/wp\/v2\/types\/page"}],"author":[{"embeddable":true,"href":"https:\/\/colchoneselencanto.com.co\/index.php?rest_route=\/wp\/v2\/users\/1"}],"replies":[{"embeddable":true,"href":"https:\/\/colchoneselencanto.com.co\/index.php?rest_route=%2Fwp%2Fv2%2Fcomments&post=361"}],"version-history":[{"count":5,"href":"https:\/\/colchoneselencanto.com.co\/index.php?rest_route=\/wp\/v2\/pages\/361\/revisions"}],"predecessor-version":[{"id":2750,"href":"https:\/\/colchoneselencanto.com.co\/index.php?rest_route=\/wp\/v2\/pages\/361\/revisions\/2750"}],"wp:attachment":[{"href":"https:\/\/colchoneselencanto.com.co\/index.php?rest_route=%2Fwp%2Fv2%2Fmedia&parent=361"}],"curies":[{"name":"wp","href":"https:\/\/api.w.org\/{rel}","templated":true}]}}